{"id":51,"date":"2022-06-13T00:23:02","date_gmt":"2022-06-12T22:23:02","guid":{"rendered":"https:\/\/attiel.com\/?post_type=product&#038;p=51"},"modified":"2026-04-20T08:03:44","modified_gmt":"2026-04-20T06:03:44","slug":"creme-nourrissante","status":"publish","type":"product","link":"https:\/\/attiel.com\/fr\/produit\/creme-nourrissante\/","title":{"rendered":"Cr\u00e8me nourrissante"},"content":{"rendered":"<p>La CR\u00c8ME NOURRISSANTE.<\/p>\n<div>\n<p><span lang=\"DE\">Une proximit\u00e9 qui procure une r\u00e9elle s\u00e9curit\u00e9.<br \/>\nRiche, sans aucune lourdeur.<br \/>\nComme quelque chose qui se perd dans la peau et qui reste.<\/span><\/p>\n<\/div>","protected":false},"excerpt":{"rendered":"<p>R\u00e9g\u00e9n\u00e9rant. Renforcement.<\/p>","protected":false},"featured_media":198,"template":"","meta":[],"product_brand":[],"product_cat":[46,56],"product_tag":[49,51,47,52,48],"class_list":{"0":"post-51","1":"product","2":"type-product","3":"status-publish","4":"has-post-thumbnail","6":"product_cat-attiel","7":"product_cat-cream","8":"product_tag-empfindliche-haut","9":"product_tag-mischhaut","10":"product_tag-normale-haut","11":"product_tag-reife-haut","12":"product_tag-trockene-haut","14":"first","15":"instock","16":"taxable","17":"shipping-taxable","18":"purchasable","19":"product-type-variable","20":"has-default-attributes"},"acf":[],"_links":{"self":[{"href":"https:\/\/attiel.com\/fr\/wp-json\/wp\/v2\/product\/51","targetHints":{"allow":["GET"]}}],"collection":[{"href":"https:\/\/attiel.com\/fr\/wp-json\/wp\/v2\/product"}],"about":[{"href":"https:\/\/attiel.com\/fr\/wp-json\/wp\/v2\/types\/product"}],"wp:featuredmedia":[{"embeddable":true,"href":"https:\/\/attiel.com\/fr\/wp-json\/wp\/v2\/media\/198"}],"wp:attachment":[{"href":"https:\/\/attiel.com\/fr\/wp-json\/wp\/v2\/media?parent=51"}],"wp:term":[{"taxonomy":"product_brand","embeddable":true,"href":"https:\/\/attiel.com\/fr\/wp-json\/wp\/v2\/product_brand?post=51"},{"taxonomy":"product_cat","embeddable":true,"href":"https:\/\/attiel.com\/fr\/wp-json\/wp\/v2\/product_cat?post=51"},{"taxonomy":"product_tag","embeddable":true,"href":"https:\/\/attiel.com\/fr\/wp-json\/wp\/v2\/product_tag?post=51"}],"curies":[{"name":"wp","href":"https:\/\/api.w.org\/{rel}","templated":true}]}}