{"id":408,"date":"2022-11-21T20:56:12","date_gmt":"2022-11-21T19:56:12","guid":{"rendered":"https:\/\/attiel.com\/?post_type=product&#038;p=408"},"modified":"2025-01-19T21:34:17","modified_gmt":"2025-01-19T20:34:17","slug":"ensemble-lumineux-midi","status":"publish","type":"product","link":"https:\/\/attiel.com\/fr\/produit\/ensemble-lumineux-midi\/","title":{"rendered":"Ensemble lumineux"},"content":{"rendered":"<p>Le GLOW SET compos\u00e9 d&#039;un Tonique \u00c9quilibrant et d&#039;un S\u00e9rum Hydratant hydrate durablement et laisse le teint briller.<\/p>\n<p>Le Tonique \u00c9quilibrant procure une fra\u00eecheur revigorante apr\u00e8s le nettoyage et convient \u00e9galement comme parfait fixateur de maquillage.<\/p>\n<p>Le S\u00e9rum Hydratant avec son complexe hautement concentr\u00e9 d&#039;acide hyaluronique et d&#039;aloe vera hydrate en profondeur.<\/p>\n<p>Cet ensemble contient :<\/p>\n<p><a href=\"https:\/\/attiel.com\/fr\/produit\/toner-equilibrant\/\">TONIQUE \u00c9QUILIBRANTE 100ml<\/a><br \/>\n<a href=\"https:\/\/attiel.com\/fr\/produit\/serum-hydratant\/\">S\u00c9RUM HYDRATANT 15ml<\/a><\/p>","protected":false},"excerpt":{"rendered":"<p>Le GLOW SET compos\u00e9 d&#039;un Tonique \u00c9quilibrant et d&#039;un S\u00e9rum Hydratant hydrate durablement et laisse le teint briller. Le Tonique \u00c9quilibrant procure une fra\u00eecheur revigorante apr\u00e8s le nettoyage et convient \u00e9galement comme parfait fixateur de maquillage. Le S\u00e9rum Hydratant avec son complexe hautement concentr\u00e9 d&#039;acide hyaluronique et d&#039;aloe vera hydrate en profondeur. Cet ensemble [\u2026]<\/p>","protected":false},"featured_media":564,"template":"","meta":[],"product_brand":[],"product_cat":[57],"product_tag":[],"class_list":{"0":"post-408","1":"product","2":"type-product","3":"status-publish","4":"has-post-thumbnail","6":"product_cat-set","8":"first","9":"instock","10":"taxable","11":"shipping-taxable","12":"purchasable","13":"product-type-simple"},"acf":[],"_links":{"self":[{"href":"https:\/\/attiel.com\/fr\/wp-json\/wp\/v2\/product\/408","targetHints":{"allow":["GET"]}}],"collection":[{"href":"https:\/\/attiel.com\/fr\/wp-json\/wp\/v2\/product"}],"about":[{"href":"https:\/\/attiel.com\/fr\/wp-json\/wp\/v2\/types\/product"}],"wp:featuredmedia":[{"embeddable":true,"href":"https:\/\/attiel.com\/fr\/wp-json\/wp\/v2\/media\/564"}],"wp:attachment":[{"href":"https:\/\/attiel.com\/fr\/wp-json\/wp\/v2\/media?parent=408"}],"wp:term":[{"taxonomy":"product_brand","embeddable":true,"href":"https:\/\/attiel.com\/fr\/wp-json\/wp\/v2\/product_brand?post=408"},{"taxonomy":"product_cat","embeddable":true,"href":"https:\/\/attiel.com\/fr\/wp-json\/wp\/v2\/product_cat?post=408"},{"taxonomy":"product_tag","embeddable":true,"href":"https:\/\/attiel.com\/fr\/wp-json\/wp\/v2\/product_tag?post=408"}],"curies":[{"name":"wp","href":"https:\/\/api.w.org\/{rel}","templated":true}]}}