{"id":406,"date":"2022-11-21T20:47:17","date_gmt":"2022-11-21T19:47:17","guid":{"rendered":"https:\/\/attiel.com\/?post_type=product&#038;p=406"},"modified":"2026-04-09T08:18:04","modified_gmt":"2026-04-09T06:18:04","slug":"coffret-de-voyage-nourrissant","status":"publish","type":"product","link":"https:\/\/attiel.com\/fr\/produit\/coffret-de-voyage-nourrissant\/","title":{"rendered":"Coffret de voyage NOURRISSANT"},"content":{"rendered":"<p>Pour une peau qui a besoin de soins et qui peut s&#039;\u00e9panouir.<br \/>\nNourrissant comme un c\u00e2lin, riche en plantes et textures r\u00e9g\u00e9n\u00e9rantes.<\/p>\n<p>Cette composition renforce les peaux s\u00e8ches et matures, pr\u00e9serve leur souplesse et soutient la structure cutan\u00e9e, m\u00eame dans des conditions climatiques changeantes.<\/p>\n<p>Votre compagnon id\u00e9al pour chaque voyage, compos\u00e9 de <strong>Nettoyant, tonique, s\u00e9rum et cr\u00e8me.<\/strong><\/p>\n<p>Cet ensemble contient :<\/p>\n<p><a href=\"https:\/\/attiel.com\/fr\/produit\/lotion-nettoyante-douce\/\">LOTION NETTOYANTE DOUCE 30ml<\/a><br \/>\n<a href=\"https:\/\/attiel.com\/fr\/produit\/toner-equilibrant\/\">TONIQUE \u00c9QUILIBRANTE 30ml<\/a><br \/>\n<a href=\"https:\/\/attiel.com\/fr\/produit\/serum-regenerateur\/\">S\u00c9RUM R\u00c9G\u00c9N\u00c9RANT 15ml<\/a><br \/>\n<a href=\"https:\/\/attiel.com\/fr\/produit\/creme-nourrissante\/\">CR\u00c8ME NOURRISSANTE 15ml<\/a><\/p>","protected":false},"excerpt":{"rendered":"<p>Pour une peau qui a besoin de soins et qui se d\u00e9veloppe pleinement. Nourrissante comme un c\u00e2lin, riche en extraits botaniques et textures r\u00e9g\u00e9n\u00e9rantes, cette formule renforce les peaux s\u00e8ches et matures, pr\u00e9serve leur souplesse et soutient leur structure, m\u00eame en cas de variations climatiques. Compagnon id\u00e9al de tous vos voyages, ce coffret comprend un nettoyant, une lotion tonique, un s\u00e9rum et une cr\u00e8me. Ce coffret contient\u00a0: NETTOYANT DOUX [\u2026]<\/p>","protected":false},"featured_media":563,"template":"","meta":[],"product_brand":[],"product_cat":[57],"product_tag":[69,74,68,70,73,71,72],"class_list":{"0":"post-406","1":"product","2":"type-product","3":"status-publish","4":"has-post-thumbnail","6":"product_cat-set","7":"product_tag-luxus","8":"product_tag-nourishing-cream","9":"product_tag-nourishing-set-midi","10":"product_tag-pflanzliche-pflege","11":"product_tag-regenerating-serum","12":"product_tag-reiniger","13":"product_tag-toner","15":"first","16":"instock","17":"taxable","18":"shipping-taxable","19":"purchasable","20":"product-type-simple"},"acf":[],"_links":{"self":[{"href":"https:\/\/attiel.com\/fr\/wp-json\/wp\/v2\/product\/406","targetHints":{"allow":["GET"]}}],"collection":[{"href":"https:\/\/attiel.com\/fr\/wp-json\/wp\/v2\/product"}],"about":[{"href":"https:\/\/attiel.com\/fr\/wp-json\/wp\/v2\/types\/product"}],"wp:featuredmedia":[{"embeddable":true,"href":"https:\/\/attiel.com\/fr\/wp-json\/wp\/v2\/media\/563"}],"wp:attachment":[{"href":"https:\/\/attiel.com\/fr\/wp-json\/wp\/v2\/media?parent=406"}],"wp:term":[{"taxonomy":"product_brand","embeddable":true,"href":"https:\/\/attiel.com\/fr\/wp-json\/wp\/v2\/product_brand?post=406"},{"taxonomy":"product_cat","embeddable":true,"href":"https:\/\/attiel.com\/fr\/wp-json\/wp\/v2\/product_cat?post=406"},{"taxonomy":"product_tag","embeddable":true,"href":"https:\/\/attiel.com\/fr\/wp-json\/wp\/v2\/product_tag?post=406"}],"curies":[{"name":"wp","href":"https:\/\/api.w.org\/{rel}","templated":true}]}}