{"id":404,"date":"2022-11-21T20:38:55","date_gmt":"2022-11-21T19:38:55","guid":{"rendered":"https:\/\/attiel.com\/?post_type=product&#038;p=404"},"modified":"2026-01-03T19:44:47","modified_gmt":"2026-01-03T18:44:47","slug":"ensemble-de-voyage-dequilibrage","status":"publish","type":"product","link":"https:\/\/attiel.com\/fr\/produit\/ensemble-de-voyage-dequilibrage\/","title":{"rendered":"KIT DE VOYAGE \u00c9QUILIBRANT"},"content":{"rendered":"<p>Pour les peaux qui souhaitent se sentir \u00e9quilibr\u00e9es.<br \/>\nRafra\u00eechissant comme un matin clair, hydratant en profondeur, avec une texture qui n&#039;alourdit pas.<\/p>\n<p>Cette composition \u00e9quilibre en douceur les peaux normales et mixtes, apporte une hydratation intense et renforce la barri\u00e8re cutan\u00e9e naturelle.<\/p>\n<p>Votre compagnon id\u00e9al pour chaque voyage, compos\u00e9 de <strong>Nettoyant, tonique, s\u00e9rum et cr\u00e8me.<\/strong><\/p>\n<p>Cet ensemble contient :<\/p>\n<p><a href=\"https:\/\/attiel.com\/fr\/produit\/lotion-nettoyante-douce\/\">LOTION NETTOYANTE DOUCE 30ml<\/a><br \/>\n<a href=\"https:\/\/attiel.com\/fr\/produit\/toner-equilibrant\/\">TONIQUE \u00c9QUILIBRANTE 30ml<\/a><br \/>\n<a href=\"https:\/\/attiel.com\/fr\/produit\/serum-hydratant\/\">S\u00c9RUM HYDRATANT 15ml<\/a><br \/>\n<a href=\"https:\/\/attiel.com\/fr\/produit\/creme-equilibrante\/\">CR\u00c8ME \u00c9QUILIBRANTE 15ml<\/a><\/p>","protected":false},"excerpt":{"rendered":"<p>Pour une peau en qu\u00eate d&#039;\u00e9quilibre. Rafra\u00eechissant comme un matin clair, intens\u00e9ment hydratant, avec une texture l\u00e9g\u00e8re. Cette formule \u00e9quilibre en douceur les peaux normales et mixtes, les hydrate intens\u00e9ment et renforce leur barri\u00e8re cutan\u00e9e naturelle. Compagnon id\u00e9al de tous vos voyages, ce coffret comprend un nettoyant, une lotion tonique, un s\u00e9rum et une cr\u00e8me. Ce coffret [\u2026]<\/p>","protected":false},"featured_media":565,"template":"","meta":[],"product_brand":[],"product_cat":[57],"product_tag":[],"class_list":{"0":"post-404","1":"product","2":"type-product","3":"status-publish","4":"has-post-thumbnail","6":"product_cat-set","8":"first","9":"instock","10":"taxable","11":"shipping-taxable","12":"purchasable","13":"product-type-simple"},"acf":[],"_links":{"self":[{"href":"https:\/\/attiel.com\/fr\/wp-json\/wp\/v2\/product\/404","targetHints":{"allow":["GET"]}}],"collection":[{"href":"https:\/\/attiel.com\/fr\/wp-json\/wp\/v2\/product"}],"about":[{"href":"https:\/\/attiel.com\/fr\/wp-json\/wp\/v2\/types\/product"}],"wp:featuredmedia":[{"embeddable":true,"href":"https:\/\/attiel.com\/fr\/wp-json\/wp\/v2\/media\/565"}],"wp:attachment":[{"href":"https:\/\/attiel.com\/fr\/wp-json\/wp\/v2\/media?parent=404"}],"wp:term":[{"taxonomy":"product_brand","embeddable":true,"href":"https:\/\/attiel.com\/fr\/wp-json\/wp\/v2\/product_brand?post=404"},{"taxonomy":"product_cat","embeddable":true,"href":"https:\/\/attiel.com\/fr\/wp-json\/wp\/v2\/product_cat?post=404"},{"taxonomy":"product_tag","embeddable":true,"href":"https:\/\/attiel.com\/fr\/wp-json\/wp\/v2\/product_tag?post=404"}],"curies":[{"name":"wp","href":"https:\/\/api.w.org\/{rel}","templated":true}]}}