{"id":401,"date":"2022-11-24T22:53:33","date_gmt":"2022-11-24T21:53:33","guid":{"rendered":"https:\/\/attiel.com\/?post_type=product&#038;p=401"},"modified":"2026-03-29T22:35:53","modified_gmt":"2026-03-29T20:35:53","slug":"clarification-du-kit-de-voyage","status":"publish","type":"product","link":"https:\/\/attiel.com\/fr\/produit\/clarification-du-kit-de-voyage\/","title":{"rendered":"Coffret de voyage CLARIFIANT"},"content":{"rendered":"<p>Pour les peaux qui recherchent la clart\u00e9 et veulent trouver la paix.<br \/>\nComme de l&#039;air frais pour la peau, l\u00e9ger, p\u00e9n\u00e9trant, lib\u00e9rateur.<\/p>\n<p>Cette composition \u00e9quilibre les zones grasses ou hyperactives, affine l&#039;apparence de la peau et r\u00e9duit les impuret\u00e9s, m\u00eame dans des conditions difficiles telles que le soleil, la chaleur et l&#039;humidit\u00e9.<\/p>\n<p>Votre compagnon id\u00e9al pour chaque voyage, compos\u00e9 de <strong>Nettoyant, tonique, s\u00e9rum et cr\u00e8me.<\/strong><\/p>\n<p>Cet ensemble contient :<br \/>\n<a href=\"https:\/\/attiel.com\/fr\/produit\/lotion-nettoyante-douce\/\">LOTION NETTOYANTE DOUCE 30ml<\/a><br \/>\n<a href=\"https:\/\/attiel.com\/fr\/produit\/toner-equilibrant\/\">TONIQUE \u00c9QUILIBRANTE 30ml<\/a><br \/>\n<a href=\"https:\/\/attiel.com\/fr\/produit\/serum-purifiant\/\">S\u00c9RUM PURIFIANT 15ml<\/a><br \/>\n<a href=\"https:\/\/attiel.com\/fr\/produit\/liquide-clarifiant\/\">FLUIDE CLARIFIANT 30ml<\/a><\/p>","protected":false},"excerpt":{"rendered":"<p>Pour les peaux en qu\u00eate de clart\u00e9 et de paix. Comme un bol d&#039;air frais\u00a0: l\u00e9ger, p\u00e9n\u00e9trant et lib\u00e9rateur. Cette formule \u00e9quilibre les zones grasses ou hyperactives, affine le grain de peau et r\u00e9duit les impuret\u00e9s, m\u00eame dans des conditions difficiles comme le soleil, la chaleur et l&#039;humidit\u00e9. Compagnon id\u00e9al de chaque voyage, il comprend un nettoyant, une lotion tonique, un s\u00e9rum et [...]<\/p>","protected":false},"featured_media":566,"template":"","meta":[],"product_brand":[],"product_cat":[57],"product_tag":[],"class_list":{"0":"post-401","1":"product","2":"type-product","3":"status-publish","4":"has-post-thumbnail","6":"product_cat-set","8":"first","9":"outofstock","10":"taxable","11":"shipping-taxable","12":"purchasable","13":"product-type-simple"},"acf":[],"_links":{"self":[{"href":"https:\/\/attiel.com\/fr\/wp-json\/wp\/v2\/product\/401","targetHints":{"allow":["GET"]}}],"collection":[{"href":"https:\/\/attiel.com\/fr\/wp-json\/wp\/v2\/product"}],"about":[{"href":"https:\/\/attiel.com\/fr\/wp-json\/wp\/v2\/types\/product"}],"wp:featuredmedia":[{"embeddable":true,"href":"https:\/\/attiel.com\/fr\/wp-json\/wp\/v2\/media\/566"}],"wp:attachment":[{"href":"https:\/\/attiel.com\/fr\/wp-json\/wp\/v2\/media?parent=401"}],"wp:term":[{"taxonomy":"product_brand","embeddable":true,"href":"https:\/\/attiel.com\/fr\/wp-json\/wp\/v2\/product_brand?post=401"},{"taxonomy":"product_cat","embeddable":true,"href":"https:\/\/attiel.com\/fr\/wp-json\/wp\/v2\/product_cat?post=401"},{"taxonomy":"product_tag","embeddable":true,"href":"https:\/\/attiel.com\/fr\/wp-json\/wp\/v2\/product_tag?post=401"}],"curies":[{"name":"wp","href":"https:\/\/api.w.org\/{rel}","templated":true}]}}