{"id":39,"date":"2022-06-13T00:15:25","date_gmt":"2022-06-12T22:15:25","guid":{"rendered":"https:\/\/attiel.com\/?post_type=product&#038;p=39"},"modified":"2026-03-29T22:34:59","modified_gmt":"2026-03-29T20:34:59","slug":"serum-purifiant","status":"publish","type":"product","link":"https:\/\/attiel.com\/fr\/produit\/serum-purifiant\/","title":{"rendered":"S\u00e9rum purifiant"},"content":{"rendered":"<p>Le S\u00c9RUM PURIFIANT.<\/p>\n<div><span lang=\"DE\">Un moment de r\u00e9alignement lorsque la peau n&#039;est pas synchronis\u00e9e.<br \/>\nPour les moments o\u00f9 la zone T suit son cours et le teint para\u00eet in\u00e9gal.<br \/>\nSoutient la peau qui se r\u00e9g\u00e9n\u00e8re. <\/span><\/div>\n<div><span lang=\"DE\">Bien, calme, d\u00e9tendu.<\/span><\/div>","protected":false},"excerpt":{"rendered":"<p>Clarification. R\u00e9gulateur.<\/p>","protected":false},"featured_media":194,"template":"","meta":[],"product_brand":[],"product_cat":[46,55],"product_tag":[51,47,52,50],"class_list":{"0":"post-39","1":"product","2":"type-product","3":"status-publish","4":"has-post-thumbnail","6":"product_cat-attiel","7":"product_cat-serum","8":"product_tag-mischhaut","9":"product_tag-normale-haut","10":"product_tag-reife-haut","11":"product_tag-unreine-haut","13":"first","14":"instock","15":"taxable","16":"shipping-taxable","17":"purchasable","18":"product-type-variable","19":"has-default-attributes"},"acf":[],"_links":{"self":[{"href":"https:\/\/attiel.com\/fr\/wp-json\/wp\/v2\/product\/39","targetHints":{"allow":["GET"]}}],"collection":[{"href":"https:\/\/attiel.com\/fr\/wp-json\/wp\/v2\/product"}],"about":[{"href":"https:\/\/attiel.com\/fr\/wp-json\/wp\/v2\/types\/product"}],"wp:featuredmedia":[{"embeddable":true,"href":"https:\/\/attiel.com\/fr\/wp-json\/wp\/v2\/media\/194"}],"wp:attachment":[{"href":"https:\/\/attiel.com\/fr\/wp-json\/wp\/v2\/media?parent=39"}],"wp:term":[{"taxonomy":"product_brand","embeddable":true,"href":"https:\/\/attiel.com\/fr\/wp-json\/wp\/v2\/product_brand?post=39"},{"taxonomy":"product_cat","embeddable":true,"href":"https:\/\/attiel.com\/fr\/wp-json\/wp\/v2\/product_cat?post=39"},{"taxonomy":"product_tag","embeddable":true,"href":"https:\/\/attiel.com\/fr\/wp-json\/wp\/v2\/product_tag?post=39"}],"curies":[{"name":"wp","href":"https:\/\/api.w.org\/{rel}","templated":true}]}}