{"id":36,"date":"2022-06-13T00:11:31","date_gmt":"2022-06-12T22:11:31","guid":{"rendered":"https:\/\/attiel.com\/?post_type=product&#038;p=36"},"modified":"2026-03-20T09:51:15","modified_gmt":"2026-03-20T08:51:15","slug":"serum-hydratant","status":"publish","type":"product","link":"https:\/\/attiel.com\/fr\/produit\/serum-hydratant\/","title":{"rendered":"S\u00e9rum hydratant"},"content":{"rendered":"<p>Le s\u00e9rum hydratant.<\/p>\n<div>\n<p><span lang=\"DE\">Comme un matin clair qui vous permet de pousser un soupir de soulagement.<br \/>\n<\/span><span lang=\"DE\">Donne \u00e0 votre peau hydratation et nouvelle force.<br \/>\nPas \u00e9ph\u00e9m\u00e8re, mais durable.<br \/>\nUn r\u00e9veil subtil dans la peau.<\/span><\/p>\n<\/div>","protected":false},"excerpt":{"rendered":"<p>Hydratant. Rafra\u00eechissant.<\/p>","protected":false},"featured_media":195,"template":"","meta":[],"product_brand":[],"product_cat":[46,55],"product_tag":[49,51,47,52,48],"class_list":{"0":"post-36","1":"product","2":"type-product","3":"status-publish","4":"has-post-thumbnail","6":"product_cat-attiel","7":"product_cat-serum","8":"product_tag-empfindliche-haut","9":"product_tag-mischhaut","10":"product_tag-normale-haut","11":"product_tag-reife-haut","12":"product_tag-trockene-haut","14":"first","15":"instock","16":"taxable","17":"shipping-taxable","18":"purchasable","19":"product-type-variable","20":"has-default-attributes"},"acf":[],"_links":{"self":[{"href":"https:\/\/attiel.com\/fr\/wp-json\/wp\/v2\/product\/36","targetHints":{"allow":["GET"]}}],"collection":[{"href":"https:\/\/attiel.com\/fr\/wp-json\/wp\/v2\/product"}],"about":[{"href":"https:\/\/attiel.com\/fr\/wp-json\/wp\/v2\/types\/product"}],"wp:featuredmedia":[{"embeddable":true,"href":"https:\/\/attiel.com\/fr\/wp-json\/wp\/v2\/media\/195"}],"wp:attachment":[{"href":"https:\/\/attiel.com\/fr\/wp-json\/wp\/v2\/media?parent=36"}],"wp:term":[{"taxonomy":"product_brand","embeddable":true,"href":"https:\/\/attiel.com\/fr\/wp-json\/wp\/v2\/product_brand?post=36"},{"taxonomy":"product_cat","embeddable":true,"href":"https:\/\/attiel.com\/fr\/wp-json\/wp\/v2\/product_cat?post=36"},{"taxonomy":"product_tag","embeddable":true,"href":"https:\/\/attiel.com\/fr\/wp-json\/wp\/v2\/product_tag?post=36"}],"curies":[{"name":"wp","href":"https:\/\/api.w.org\/{rel}","templated":true}]}}