{"id":30,"date":"2022-06-13T00:06:42","date_gmt":"2022-06-12T22:06:42","guid":{"rendered":"https:\/\/attiel.com\/?post_type=product&#038;p=30"},"modified":"2026-04-02T14:38:17","modified_gmt":"2026-04-02T12:38:17","slug":"lotion-nettoyante-douce","status":"publish","type":"product","link":"https:\/\/attiel.com\/fr\/produit\/lotion-nettoyante-douce\/","title":{"rendered":"Lotion Nettoyante Douce"},"content":{"rendered":"<p>La LOTION NETTOYANTE DOUCE.<\/p>\n<p>Un d\u00e9but tranquille.<br \/>\nLib\u00e8re la peau de ce qui ne lui appartient pas : salet\u00e9, s\u00e9bum, traces du jour et de la nuit.<br \/>\nMaquillage \u00e9galement hydrosoluble.<\/p>\n<div>\n<p><span lang=\"DE\">Si doux qu&#039;il peut \u00eatre utilis\u00e9 m\u00eame sur les zones sensibles, autour des yeux, comme alternative au soin de rasage ou lorsque la peau n\u00e9cessite une douceur particuli\u00e8re.<\/span><\/p>\n<\/div>","protected":false},"excerpt":{"rendered":"<p>Nettoyage en profondeur. Calmant.<\/p>","protected":false},"featured_media":197,"template":"","meta":[],"product_brand":[],"product_cat":[46,53],"product_tag":[49,51,47,52,48,50],"class_list":{"0":"post-30","1":"product","2":"type-product","3":"status-publish","4":"has-post-thumbnail","6":"product_cat-attiel","7":"product_cat-cleanser","8":"product_tag-empfindliche-haut","9":"product_tag-mischhaut","10":"product_tag-normale-haut","11":"product_tag-reife-haut","12":"product_tag-trockene-haut","13":"product_tag-unreine-haut","15":"first","16":"instock","17":"taxable","18":"shipping-taxable","19":"purchasable","20":"product-type-variable","21":"has-default-attributes"},"acf":[],"_links":{"self":[{"href":"https:\/\/attiel.com\/fr\/wp-json\/wp\/v2\/product\/30","targetHints":{"allow":["GET"]}}],"collection":[{"href":"https:\/\/attiel.com\/fr\/wp-json\/wp\/v2\/product"}],"about":[{"href":"https:\/\/attiel.com\/fr\/wp-json\/wp\/v2\/types\/product"}],"wp:featuredmedia":[{"embeddable":true,"href":"https:\/\/attiel.com\/fr\/wp-json\/wp\/v2\/media\/197"}],"wp:attachment":[{"href":"https:\/\/attiel.com\/fr\/wp-json\/wp\/v2\/media?parent=30"}],"wp:term":[{"taxonomy":"product_brand","embeddable":true,"href":"https:\/\/attiel.com\/fr\/wp-json\/wp\/v2\/product_brand?post=30"},{"taxonomy":"product_cat","embeddable":true,"href":"https:\/\/attiel.com\/fr\/wp-json\/wp\/v2\/product_cat?post=30"},{"taxonomy":"product_tag","embeddable":true,"href":"https:\/\/attiel.com\/fr\/wp-json\/wp\/v2\/product_tag?post=30"}],"curies":[{"name":"wp","href":"https:\/\/api.w.org\/{rel}","templated":true}]}}