{"id":2076,"date":"2025-04-06T18:23:05","date_gmt":"2025-04-06T16:23:05","guid":{"rendered":"https:\/\/attiel.com\/?post_type=product&#038;p=2076"},"modified":"2026-03-09T08:27:36","modified_gmt":"2026-03-09T07:27:36","slug":"baume-rafraichissant-pour-les-yeux","status":"publish","type":"product","link":"https:\/\/attiel.com\/fr\/produit\/baume-rafraichissant-pour-les-yeux\/","title":{"rendered":"Baume rafra\u00eechissant pour les yeux"},"content":{"rendered":"<div>\n<p><span lang=\"DE\">L\u00e9ger et pr\u00e9cis, comme la premi\u00e8re lumi\u00e8re du matin.<br \/>\n<\/span><span lang=\"DE\">Lisse en douceur la zone sensible du contour des yeux et neutralise les signes de fatigue.<br \/>\n<\/span><span lang=\"DE\">Soigne une expression plus claire matin et soir.<\/span><\/p>\n<\/div>","protected":false},"excerpt":{"rendered":"<div><span lang=\"DE\">Revigorant. Raffinage.<\/span><\/div>","protected":false},"featured_media":2080,"template":"","meta":[],"product_brand":[],"product_cat":[56],"product_tag":[],"class_list":{"0":"post-2076","1":"product","2":"type-product","3":"status-publish","4":"has-post-thumbnail","6":"product_cat-cream","8":"first","9":"instock","10":"taxable","11":"shipping-taxable","12":"purchasable","13":"product-type-variable","14":"has-default-attributes"},"acf":[],"_links":{"self":[{"href":"https:\/\/attiel.com\/fr\/wp-json\/wp\/v2\/product\/2076","targetHints":{"allow":["GET"]}}],"collection":[{"href":"https:\/\/attiel.com\/fr\/wp-json\/wp\/v2\/product"}],"about":[{"href":"https:\/\/attiel.com\/fr\/wp-json\/wp\/v2\/types\/product"}],"wp:featuredmedia":[{"embeddable":true,"href":"https:\/\/attiel.com\/fr\/wp-json\/wp\/v2\/media\/2080"}],"wp:attachment":[{"href":"https:\/\/attiel.com\/fr\/wp-json\/wp\/v2\/media?parent=2076"}],"wp:term":[{"taxonomy":"product_brand","embeddable":true,"href":"https:\/\/attiel.com\/fr\/wp-json\/wp\/v2\/product_brand?post=2076"},{"taxonomy":"product_cat","embeddable":true,"href":"https:\/\/attiel.com\/fr\/wp-json\/wp\/v2\/product_cat?post=2076"},{"taxonomy":"product_tag","embeddable":true,"href":"https:\/\/attiel.com\/fr\/wp-json\/wp\/v2\/product_tag?post=2076"}],"curies":[{"name":"wp","href":"https:\/\/api.w.org\/{rel}","templated":true}]}}