{"id":1888,"date":"2025-01-19T21:10:03","date_gmt":"2025-01-19T20:10:03","guid":{"rendered":"https:\/\/attiel.com\/?post_type=product&#038;p=1888"},"modified":"2025-05-19T22:36:50","modified_gmt":"2025-05-19T20:36:50","slug":"bonjour-ensemble-de-clarification-midi","status":"publish","type":"product","link":"https:\/\/attiel.com\/fr\/produit\/bonjour-ensemble-de-clarification-midi\/","title":{"rendered":"HELLO Coffret Clarifiant"},"content":{"rendered":"<p>Dire <strong>AU REVOIR<\/strong> aux impuret\u00e9s et \u00e0 l&#039;exc\u00e8s de brillance et <strong>BONJOUR<\/strong> pour une sensation de peau fra\u00eeche et nette.<\/p>\n<p style=\"font-weight: 400;\">Votre mini coffret d&#039;initiation pour une peau clarifi\u00e9e et affin\u00e9e vous donne l&#039;opportunit\u00e9 de ressentir, sentir et exp\u00e9rimenter ATTI\u00c8L.<\/p>\n<p>Un trio tri\u00e9 sur le volet \u00e0 d\u00e9couvrir.<\/p>\n<p style=\"font-weight: 400;\"><strong>TONIQUE \u00c9QUILIBRANT, flacon de 30ml<\/strong>\u00a0 Une brume rafra\u00eechissante qui nettoie et apaise la peau en douceur. Parfait pour vous rafra\u00eechir ou vous ancrer entre les deux.<\/p>\n<p style=\"font-weight: 400;\"><strong>S\u00c9RUM PURIFIANT, sachet 3 ml<\/strong><br \/>\nDes actifs concentr\u00e9s qui neutralisent sp\u00e9cifiquement les impuret\u00e9s et aident la peau \u00e0 d\u00e9velopper un teint clair.<\/p>\n<p style=\"font-weight: 400;\"><strong>FLUIDE CLARIFIANT, pot de 5ml <\/strong>Un soin l\u00e9ger et matifiant sp\u00e9cifiquement adapt\u00e9 aux besoins des peaux grasses et \u00e0 tendance impure. Aux actifs v\u00e9g\u00e9taux, il assure un teint affin\u00e9 et une sensation fra\u00eeche et agr\u00e9able.<\/p>\n<p style=\"font-weight: 400;\"><strong>Conseil suppl\u00e9mentaire pour de meilleurs r\u00e9sultats\u00a0:<\/strong><br \/>\nAppliquer le S\u00e9rum Hydratant directement sur la peau humide apr\u00e8s avoir utilis\u00e9 le Tonique \u00c9quilibrant. Appliquez ensuite la Cr\u00e8me Nourrissante sur la peau encore l\u00e9g\u00e8rement humide. Cela permet aux principes actifs d&#039;\u00eatre absorb\u00e9s de mani\u00e8re optimale et votre peau est intens\u00e9ment soign\u00e9e.<\/p>\n<p>&nbsp;<\/p>","protected":false},"excerpt":{"rendered":"<p>Dites adieu aux impuret\u00e9s et \u00e0 la brillance excessive et bonjour \u00e0 une peau fra\u00eeche et nette. Votre mini coffret d\u00e9couverte pour une peau clarifi\u00e9e et des pores affin\u00e9s vous offre l&#039;opportunit\u00e9 de sentir, de ressentir et d&#039;exp\u00e9rimenter ATTI\u00c8L. Un trio s\u00e9lectionn\u00e9 avec soin pour vous faire d\u00e9couvrir. Lotion tonique \u00e9quilibrante, flacon de 30 ml. Une brume rafra\u00eechissante qui purifie et apaise la peau en douceur. Id\u00e9al pour [\u2026]<\/p>","protected":false},"featured_media":1903,"template":"","meta":[],"product_brand":[],"product_cat":[57],"product_tag":[],"class_list":{"0":"post-1888","1":"product","2":"type-product","3":"status-publish","4":"has-post-thumbnail","6":"product_cat-set","8":"first","9":"instock","10":"taxable","11":"shipping-taxable","12":"purchasable","13":"product-type-simple"},"acf":[],"_links":{"self":[{"href":"https:\/\/attiel.com\/fr\/wp-json\/wp\/v2\/product\/1888","targetHints":{"allow":["GET"]}}],"collection":[{"href":"https:\/\/attiel.com\/fr\/wp-json\/wp\/v2\/product"}],"about":[{"href":"https:\/\/attiel.com\/fr\/wp-json\/wp\/v2\/types\/product"}],"wp:featuredmedia":[{"embeddable":true,"href":"https:\/\/attiel.com\/fr\/wp-json\/wp\/v2\/media\/1903"}],"wp:attachment":[{"href":"https:\/\/attiel.com\/fr\/wp-json\/wp\/v2\/media?parent=1888"}],"wp:term":[{"taxonomy":"product_brand","embeddable":true,"href":"https:\/\/attiel.com\/fr\/wp-json\/wp\/v2\/product_brand?post=1888"},{"taxonomy":"product_cat","embeddable":true,"href":"https:\/\/attiel.com\/fr\/wp-json\/wp\/v2\/product_cat?post=1888"},{"taxonomy":"product_tag","embeddable":true,"href":"https:\/\/attiel.com\/fr\/wp-json\/wp\/v2\/product_tag?post=1888"}],"curies":[{"name":"wp","href":"https:\/\/api.w.org\/{rel}","templated":true}]}}