{"id":1884,"date":"2025-01-19T20:31:43","date_gmt":"2025-01-19T19:31:43","guid":{"rendered":"https:\/\/attiel.com\/?post_type=product&#038;p=1884"},"modified":"2025-05-19T22:35:56","modified_gmt":"2025-05-19T20:35:56","slug":"ensemble-nourrissant-bonjour","status":"publish","type":"product","link":"https:\/\/attiel.com\/fr\/produit\/ensemble-nourrissant-bonjour\/","title":{"rendered":"BONJOUR COFFRET NOURRISSANT"},"content":{"rendered":"<p>Dire <strong>AU REVOIR<\/strong> \u00e0 la peau s\u00e8che et terne et <strong>BONJOUR<\/strong> pour une peau nourrie et souple.<\/p>\n<p style=\"font-weight: 400;\"><strong>Votre mini coffret d&#039;introduction pour peaux s\u00e8ches <\/strong>vous offre la possibilit\u00e9 de ressentir, sentir et exp\u00e9rimenter ATTI\u00c8L.<\/p>\n<p style=\"font-weight: 400;\">Un trio tri\u00e9 sur le volet \u00e0 d\u00e9couvrir.<\/p>\n<p><strong>TONIQUE \u00c9QUILIBRANT, flacon de 30ml<\/strong>\u00a0Non seulement rafra\u00eechit votre peau apr\u00e8s le nettoyage, mais vous accompagne \u00e9galement tout au long de la journ\u00e9e. Id\u00e9al pour un moment de fra\u00eecheur, pour arriver ou pour s&#039;ancrer, o\u00f9 que vous soyez.<\/p>\n<p style=\"font-weight: 400;\"><strong>S\u00c9RUM HYDRATANT, sachet 3ml<\/strong>\u00a0Une hydratation qui p\u00e9n\u00e8tre en profondeur et laisse votre peau souple.<\/p>\n<p style=\"font-weight: 400;\"><strong>CR\u00c8ME NOURRISSANTE, pot de 5ml<\/strong>\u00a0Soin riche qui fait dispara\u00eetre la s\u00e9cheresse et agit comme une protection douce sur votre peau.<\/p>\n<p style=\"font-weight: 400;\"><strong>Conseil suppl\u00e9mentaire pour de meilleurs r\u00e9sultats\u00a0:<\/strong><br \/>\nAppliquer le S\u00c9RUM HYDRATANT directement sur peau humide apr\u00e8s avoir utilis\u00e9 le TONIQUE \u00c9QUILIBRANT. Appliquez ensuite la CR\u00c8ME NOURRISSANTE sur la peau encore l\u00e9g\u00e8rement humide. Cela permet aux principes actifs d&#039;\u00eatre absorb\u00e9s de mani\u00e8re optimale et votre peau est intens\u00e9ment soign\u00e9e.<\/p>","protected":false},"excerpt":{"rendered":"<p>Dites adieu aux peaux s\u00e8ches et ternes et bonjour \u00e0 une peau nourrie et souple. Votre mini coffret d\u00e9couverte pour peaux s\u00e8ches vous offre l&#039;opportunit\u00e9 de sentir, de ressentir et d&#039;exp\u00e9rimenter ATTI\u00c8L. Un trio s\u00e9lectionn\u00e9 avec soin pour vous faire d\u00e9couvrir. Lotion tonique \u00e9quilibrante, flacon de 30 ml. Rafra\u00eechit votre peau apr\u00e8s le nettoyage et vous accompagne tout au long de la journ\u00e9e. Id\u00e9al pour [\u2026]<\/p>","protected":false},"featured_media":1902,"template":"","meta":[],"product_brand":[],"product_cat":[57],"product_tag":[69,74,68,70,73,71,72],"class_list":{"0":"post-1884","1":"product","2":"type-product","3":"status-publish","4":"has-post-thumbnail","6":"product_cat-set","7":"product_tag-luxus","8":"product_tag-nourishing-cream","9":"product_tag-nourishing-set-midi","10":"product_tag-pflanzliche-pflege","11":"product_tag-regenerating-serum","12":"product_tag-reiniger","13":"product_tag-toner","15":"first","16":"instock","17":"taxable","18":"shipping-taxable","19":"purchasable","20":"product-type-simple"},"acf":[],"_links":{"self":[{"href":"https:\/\/attiel.com\/fr\/wp-json\/wp\/v2\/product\/1884","targetHints":{"allow":["GET"]}}],"collection":[{"href":"https:\/\/attiel.com\/fr\/wp-json\/wp\/v2\/product"}],"about":[{"href":"https:\/\/attiel.com\/fr\/wp-json\/wp\/v2\/types\/product"}],"wp:featuredmedia":[{"embeddable":true,"href":"https:\/\/attiel.com\/fr\/wp-json\/wp\/v2\/media\/1902"}],"wp:attachment":[{"href":"https:\/\/attiel.com\/fr\/wp-json\/wp\/v2\/media?parent=1884"}],"wp:term":[{"taxonomy":"product_brand","embeddable":true,"href":"https:\/\/attiel.com\/fr\/wp-json\/wp\/v2\/product_brand?post=1884"},{"taxonomy":"product_cat","embeddable":true,"href":"https:\/\/attiel.com\/fr\/wp-json\/wp\/v2\/product_cat?post=1884"},{"taxonomy":"product_tag","embeddable":true,"href":"https:\/\/attiel.com\/fr\/wp-json\/wp\/v2\/product_tag?post=1884"}],"curies":[{"name":"wp","href":"https:\/\/api.w.org\/{rel}","templated":true}]}}