{"id":1454,"date":"2024-04-13T23:49:42","date_gmt":"2024-04-13T21:49:42","guid":{"rendered":"https:\/\/attiel.com\/?post_type=product&#038;p=1454"},"modified":"2026-03-18T10:12:53","modified_gmt":"2026-03-18T09:12:53","slug":"creme-solaire-hydratante","status":"publish","type":"product","link":"https:\/\/attiel.com\/fr\/produit\/creme-solaire-hydratante\/","title":{"rendered":"Cr\u00e8me solaire hydratante"},"content":{"rendered":"<p style=\"font-weight: 400;\">La CR\u00c8ME SOLAIRE HYDRATANTE.<\/p>\n<div><span lang=\"DE\"><span lang=\"DE\">Quand la nature rencontre la science.<br \/>\nUn bouclier invisible qui prot\u00e8ge la peau des rayons UVA et UVB (SPF 50), l&#039;hydrate et la renforce, ce dont elle a besoin au quotidien.<br \/>\n<\/span><\/span>S&#039;absorbe rapidement, sans laisser de r\u00e9sidus. Sans parfum et formul\u00e9 sans filtres consid\u00e9r\u00e9s comme actifs hormonalement.<\/div>","protected":false},"excerpt":{"rendered":"<p>Hydratant. Antioxydant.<\/p>","protected":false},"featured_media":1455,"template":"","meta":[],"product_brand":[],"product_cat":[56],"product_tag":[105,107,106,108],"class_list":{"0":"post-1454","1":"product","2":"type-product","3":"status-publish","4":"has-post-thumbnail","6":"product_cat-cream","7":"product_tag-sonnenschutz","8":"product_tag-spf-50","9":"product_tag-sunscreen","10":"product_tag-sunscreen-gesicht","12":"first","13":"instock","14":"taxable","15":"shipping-taxable","16":"purchasable","17":"product-type-variable","18":"has-default-attributes"},"acf":[],"_links":{"self":[{"href":"https:\/\/attiel.com\/fr\/wp-json\/wp\/v2\/product\/1454","targetHints":{"allow":["GET"]}}],"collection":[{"href":"https:\/\/attiel.com\/fr\/wp-json\/wp\/v2\/product"}],"about":[{"href":"https:\/\/attiel.com\/fr\/wp-json\/wp\/v2\/types\/product"}],"wp:featuredmedia":[{"embeddable":true,"href":"https:\/\/attiel.com\/fr\/wp-json\/wp\/v2\/media\/1455"}],"wp:attachment":[{"href":"https:\/\/attiel.com\/fr\/wp-json\/wp\/v2\/media?parent=1454"}],"wp:term":[{"taxonomy":"product_brand","embeddable":true,"href":"https:\/\/attiel.com\/fr\/wp-json\/wp\/v2\/product_brand?post=1454"},{"taxonomy":"product_cat","embeddable":true,"href":"https:\/\/attiel.com\/fr\/wp-json\/wp\/v2\/product_cat?post=1454"},{"taxonomy":"product_tag","embeddable":true,"href":"https:\/\/attiel.com\/fr\/wp-json\/wp\/v2\/product_tag?post=1454"}],"curies":[{"name":"wp","href":"https:\/\/api.w.org\/{rel}","templated":true}]}}