{"id":1244,"date":"2023-11-22T09:57:20","date_gmt":"2023-11-22T08:57:20","guid":{"rendered":"https:\/\/attiel.com\/?post_type=product&#038;p=1244"},"modified":"2025-02-01T12:14:34","modified_gmt":"2025-02-01T11:14:34","slug":"coffret-cadeau","status":"publish","type":"product","link":"https:\/\/attiel.com\/fr\/produit\/coffret-cadeau\/","title":{"rendered":"Ensemble-cadeau"},"content":{"rendered":"<p>Le tissu de notre POUCH durable provient de la plus ancienne usine de tissage de lin du M\u00fchlviertel, qui est la seule usine de tissage de lin au monde \u00e0 \u00eatre certifi\u00e9e par le label de qualit\u00e9 BIOLOGIQUE GOTS et IVN Best. Il est cousu dans un atelier d&#039;int\u00e9gration \u00e0 Vienne.<\/p>\n<p>Le S\u00c9RUM R\u00c9G\u00c9N\u00c9RANT et la CR\u00c8ME NOURRISSANTE contiennent une formule tr\u00e8s complexe \u00e0 base de cellules souches de pomme, d&#039;acide hyaluronique, d&#039;hibiscus et de grenade, qui r\u00e9g\u00e9n\u00e8rent la peau et lui donnent un teint lisse et ferme.<\/p>\n<p>La CR\u00c8ME NOURRISSANTE intens\u00e9ment nourrissante est le soin optimal pour les peaux s\u00e8ches et matures. Id\u00e9al en masque particuli\u00e8rement nourrissant, \u00e0 appliquer un peu plus \u00e9pais, le soir ou entre les deux, pour le visage, le cou et le d\u00e9collet\u00e9.<\/p>\n<p>Cet ensemble contient :<\/p>\n<p><a href=\"https:\/\/attiel.com\/fr\/produit\/pochette-cosmetique\/\">POCHETTE COSM\u00c9TIQUE<\/a><br \/>\n<a href=\"https:\/\/attiel.com\/fr\/produit\/serum-regenerateur\/\">S\u00c9RUM R\u00c9G\u00c9N\u00c9RANT 15ml<\/a><br \/>\n<a href=\"https:\/\/attiel.com\/fr\/produit\/creme-nourrissante\/\">CR\u00c8ME NOURRISSANTE 15ml<\/a><\/p>","protected":false},"excerpt":{"rendered":"<p>Le tissu de notre POUCH durable provient de la plus ancienne usine de tissage de lin du M\u00fchlviertel, qui est la seule usine de tissage de lin au monde \u00e0 \u00eatre certifi\u00e9e par le label de qualit\u00e9 BIOLOGIQUE GOTS et IVN Best. Il est cousu dans un atelier d&#039;int\u00e9gration \u00e0 Vienne. Le S\u00c9RUM R\u00c9G\u00c9N\u00c9RANT et la CR\u00c8ME NOURRISSANTE contiennent une formule tr\u00e8s complexe \u00e0 base de cellules souches de pomme, d&#039;acide hyaluronique, d&#039;hibiscus et de grenade, qui r\u00e9g\u00e9n\u00e8rent la peau [\u2026]<\/p>","protected":false},"featured_media":1788,"template":"","meta":[],"product_brand":[],"product_cat":[57],"product_tag":[],"class_list":{"0":"post-1244","1":"product","2":"type-product","3":"status-publish","4":"has-post-thumbnail","6":"product_cat-set","8":"first","9":"instock","10":"taxable","11":"shipping-taxable","12":"purchasable","13":"product-type-simple"},"acf":[],"_links":{"self":[{"href":"https:\/\/attiel.com\/fr\/wp-json\/wp\/v2\/product\/1244","targetHints":{"allow":["GET"]}}],"collection":[{"href":"https:\/\/attiel.com\/fr\/wp-json\/wp\/v2\/product"}],"about":[{"href":"https:\/\/attiel.com\/fr\/wp-json\/wp\/v2\/types\/product"}],"wp:featuredmedia":[{"embeddable":true,"href":"https:\/\/attiel.com\/fr\/wp-json\/wp\/v2\/media\/1788"}],"wp:attachment":[{"href":"https:\/\/attiel.com\/fr\/wp-json\/wp\/v2\/media?parent=1244"}],"wp:term":[{"taxonomy":"product_brand","embeddable":true,"href":"https:\/\/attiel.com\/fr\/wp-json\/wp\/v2\/product_brand?post=1244"},{"taxonomy":"product_cat","embeddable":true,"href":"https:\/\/attiel.com\/fr\/wp-json\/wp\/v2\/product_cat?post=1244"},{"taxonomy":"product_tag","embeddable":true,"href":"https:\/\/attiel.com\/fr\/wp-json\/wp\/v2\/product_tag?post=1244"}],"curies":[{"name":"wp","href":"https:\/\/api.w.org\/{rel}","templated":true}]}}