{"id":94,"date":"2022-06-26T21:54:15","date_gmt":"2022-06-26T19:54:15","guid":{"rendered":"https:\/\/attiel.com\/allgemeine_geschaeftsbedingungen\/"},"modified":"2023-03-17T14:22:55","modified_gmt":"2023-03-17T13:22:55","slug":"conditions-generales-de-vente","status":"publish","type":"page","link":"https:\/\/attiel.com\/fr\/conditions-generales-de-vente\/","title":{"rendered":"Conditions g\u00e9n\u00e9rales de vente"},"content":{"rendered":"<p style=\"font-weight: 400;\">CONDITIONS G\u00c9N\u00c9RALES DE COMMERCE<\/p>\n<p style=\"font-weight: 400;\"><strong>Conditions g\u00e9n\u00e9rales avec informations clients<\/strong><\/p>\n<p>1. Port\u00e9e<br \/>\n2. Offres et descriptions de services<br \/>\n3. Processus de commande et conclusion du contrat<br \/>\n4. Prix et frais de port<br \/>\n5. Livraison, disponibilit\u00e9 des marchandises<br \/>\n6. Modes de paiement<br \/>\n7. R\u00e9serve de propri\u00e9t\u00e9<br \/>\n8. Garantie pour d\u00e9fauts mat\u00e9riels et garantie<br \/>\n9. Responsabilit\u00e9<br \/>\n10. Conservation du texte du contrat<br \/>\n11. Dispositions finales<\/p>\n<p>&nbsp;<\/p>\n<p><strong>1. Port\u00e9e<\/strong><br \/>\n1.1. Les conditions g\u00e9n\u00e9rales suivantes s&#039;appliquent exclusivement \u00e0 la relation commerciale entre puroses gmbh (ci-apr\u00e8s \u00ab vendeur \u00bb) et le client (ci-apr\u00e8s \u00ab client \u00bb) dans la version en vigueur au moment de la commande.<\/p>\n<p style=\"font-weight: 400;\">1.2. Un consommateur au sens des pr\u00e9sentes Conditions G\u00e9n\u00e9rales est toute personne physique qui conclut un acte juridique dans un but qui ne peut \u00eatre imput\u00e9 de mani\u00e8re pr\u00e9dominante ni \u00e0 son activit\u00e9 commerciale ni \u00e0 son activit\u00e9 professionnelle ind\u00e9pendante. Un entrepreneur est une personne physique ou morale ou une soci\u00e9t\u00e9 de personnes dot\u00e9e de la capacit\u00e9 juridique qui, lors de la conclusion d&#039;un acte juridique, agit dans l&#039;exercice de son activit\u00e9 commerciale ou professionnelle ind\u00e9pendante.<\/p>\n<p style=\"font-weight: 400;\">1.3. Les conditions divergentes du client ne seront reconnues que si le vendeur accepte express\u00e9ment leur validit\u00e9.<\/p>\n<p><strong>2. Offres et descriptions de services<\/strong><br \/>\n2.1 La pr\u00e9sentation des produits dans la boutique en ligne ne constitue pas une offre juridiquement contraignante, mais plut\u00f4t une invitation \u00e0 passer une commande. Les descriptions de services dans les catalogues ou sur les sites Internet du vendeur n&#039;ont pas le caract\u00e8re d&#039;une assurance ou d&#039;une garantie.<\/p>\n<p style=\"font-weight: 400;\">2.2 Toutes les offres sont valables \u00ab dans la limite des stocks disponibles \u00bb, sauf indication contraire pour les produits. Sinon, des erreurs subsistent.<br \/>\n<span style=\"text-decoration: line-through;\"><br \/>\n<\/span><strong>3. Processus de commande et conclusion du contrat<\/strong><br \/>\n3.1. Le client peut s\u00e9lectionner sans engagement des produits de l&#039;assortiment du vendeur et les rassembler dans un panier \u00e0 l&#039;aide du bouton [Ajouter au panier]. La s\u00e9lection de produits dans le panier peut \u00eatre modifi\u00e9e, par exemple supprim\u00e9e. Le client peut ensuite proc\u00e9der \u00e0 la finalisation du processus de commande en utilisant le bouton [Continuer le paiement] dans le panier.<\/p>\n<p style=\"font-weight: 400;\">3.2. En cliquant sur le bouton [Commander avec paiement], le client soumet une demande ferme d&#039;achat des marchandises contenues dans le panier. Avant de passer la commande, le client peut \u00e0 tout moment modifier et consulter les donn\u00e9es et utiliser la fonction \u00ab retour \u00bb du navigateur pour revenir au panier ou annuler compl\u00e8tement le processus de commande. Les informations n\u00e9cessaires sont marqu\u00e9es d&#039;un ast\u00e9risque (*).<\/p>\n<p style=\"font-weight: 400;\">3.3. Le vendeur envoie ensuite au client un accus\u00e9 de r\u00e9ception automatique par email, dans lequel la commande du client est \u00e0 nouveau r\u00e9pertori\u00e9e et que le client peut imprimer gr\u00e2ce \u00e0 la fonction \u00ab Imprimer \u00bb (confirmation de commande). L&#039;accus\u00e9 de r\u00e9ception automatique documente uniquement que la commande du client a \u00e9t\u00e9 re\u00e7ue par le vendeur et ne constitue pas une acceptation de la demande. Le contrat d&#039;achat n&#039;est conclu que lorsque le vendeur exp\u00e9die, remet ou exp\u00e9die le produit command\u00e9 au client dans un d\u00e9lai de 2 heures ouvrables. jours confirm\u00e9e au client dans un d\u00e9lai de 2 jours ouvr\u00e9s par un deuxi\u00e8me email, confirmation express de commande ou envoi de la facture. L&#039;acceptation intervient \u00e9galement lorsque le vendeur envoie une demande de paiement au client et au plus tard lorsque le processus de paiement est termin\u00e9. En cas de processus d&#039;acceptation multiples, l&#039;heure d&#039;acceptation la plus rapproch\u00e9e est d\u00e9terminante. Si le vendeur n&#039;accepte pas l&#039;offre du client dans le d\u00e9lai d&#039;acceptation, aucun contrat n&#039;est conclu et le client n&#039;est plus li\u00e9 par son offre.<\/p>\n<p style=\"font-weight: 400;\">3.4 Pour les clients entreprises, le d\u00e9lai d&#039;exp\u00e9dition, de remise ou de confirmation de commande susmentionn\u00e9 est de sept jours ouvr\u00e9s au lieu de deux jours ouvrables.<\/p>\n<p style=\"font-weight: 400;\">3.5. Si le vendeur autorise un paiement anticip\u00e9, le contrat est conclu lorsque les coordonn\u00e9es bancaires et la demande de paiement sont fournies. Si le paiement n&#039;est pas re\u00e7u par le vendeur dans les 10 jours calendaires suivant l&#039;envoi de la confirmation de commande alors qu&#039;il est d\u00fb, m\u00eame apr\u00e8s une nouvelle demande, le vendeur r\u00e9silie le contrat, de sorte que la commande n&#039;est plus valable et le vendeur n&#039;est pas oblig\u00e9 livrer. La commande est alors ex\u00e9cut\u00e9e sans autre cons\u00e9quence pour l&#039;acheteur et le vendeur. En cas de paiement anticip\u00e9, l&#039;article est r\u00e9serv\u00e9 pendant 10 jours calendaires maximum.<\/p>\n<p><strong>4. Prix et frais de port<\/strong><br \/>\n4.1. Tous les prix indiqu\u00e9s sur le site Internet du vendeur incluent la taxe de vente l\u00e9gale applicable.<\/p>\n<p style=\"font-weight: 400;\">4.2. En plus des prix indiqu\u00e9s, le vendeur facture des frais de port pour la livraison. Les frais de port seront clairement communiqu\u00e9s \u00e0 l&#039;acheteur sur une page d&#039;information s\u00e9par\u00e9e et lors du processus de commande.<\/p>\n<p><strong>5. Livraison, disponibilit\u00e9 des marchandises<\/strong><br \/>\n5.1. Si un paiement anticip\u00e9 a \u00e9t\u00e9 convenu, la livraison aura lieu apr\u00e8s r\u00e9ception du montant de la facture.<\/p>\n<p style=\"font-weight: 400;\">5.2. Si la livraison de la marchandise \u00e9choue du fait de la faute de l&#039;acheteur malgr\u00e9 trois tentatives de livraison, le vendeur peut r\u00e9silier le contrat. Tout paiement effectu\u00e9 sera imm\u00e9diatement rembours\u00e9 au client.<\/p>\n<p style=\"font-weight: 400;\">5.3. Si le produit command\u00e9 n&#039;est pas disponible parce que le vendeur n&#039;est pas approvisionn\u00e9 en ce produit par son fournisseur sans que ce soit de sa faute, le vendeur peut r\u00e9silier le contrat. Dans ce cas, le vendeur en informera imm\u00e9diatement le client et, le cas \u00e9ch\u00e9ant, lui proposera la livraison d&#039;un produit comparable. Si aucun produit comparable n&#039;est disponible ou si le client ne demande pas la livraison d&#039;un produit comparable, le vendeur remboursera imm\u00e9diatement le client de toute contrepartie d\u00e9j\u00e0 vers\u00e9e.<\/p>\n<p style=\"font-weight: 400;\">5.4. Les clients seront inform\u00e9s des d\u00e9lais de livraison et des restrictions de livraison (par exemple, limitation des livraisons dans certains pays) sur une page d&#039;information s\u00e9par\u00e9e ou dans la description du produit concern\u00e9.<\/p>\n<p style=\"font-weight: 400;\">5.5 Dans le cas de clients qui sont des entreprises, le risque de perte accidentelle et de d\u00e9t\u00e9rioration accidentelle des marchandises est transf\u00e9r\u00e9 \u00e0 l&#039;acheteur d\u00e8s que le vendeur remet l&#039;article au transitaire, au transporteur ou \u00e0 la personne ou institution autrement d\u00e9sign\u00e9e pour effectuer l&#039;envoi a\u00a0; Les dates et d\u00e9lais de livraison indiqu\u00e9s ne sont pas des dates fixes, sous r\u00e9serve d&#039;autres promesses et accords.<\/p>\n<p style=\"font-weight: 400;\">5.6 Le vendeur n&#039;est pas responsable des retards de livraison et d&#039;ex\u00e9cution dus \u00e0 un cas de force majeure et \u00e0 des \u00e9v\u00e9nements impr\u00e9visibles qui rendent la livraison consid\u00e9rablement plus difficile ou impossible pour le vendeur aux clients entrepreneurs, m\u00eame si les d\u00e9lais et les dates ont \u00e9t\u00e9 convenus de mani\u00e8re contraignante. Dans ce cas, le vendeur est en droit de reporter la livraison ou la prestation pour la dur\u00e9e de l&#039;emp\u00eachement major\u00e9e d&#039;un d\u00e9lai de mise en route raisonnable. Le droit de reporter le d\u00e9lai s&#039;applique aux clients, qui sont des entrepreneurs, m\u00eame en cas d&#039;\u00e9v\u00e9nements impr\u00e9visibles affectant les op\u00e9rations d&#039;un sous-traitant et ne relevant de la responsabilit\u00e9 ni du fournisseur ni du vendeur. Pendant la dur\u00e9e de cet emp\u00eachement, le client est \u00e9galement lib\u00e9r\u00e9 de ses obligations contractuelles, notamment de paiement. Si le retard est d\u00e9raisonnable pour le client, celui-ci peut r\u00e9silier le contrat par d\u00e9claration \u00e9crite apr\u00e8s un d\u00e9lai raisonnable \u00e0 fixer par le client ou apr\u00e8s consultation mutuelle avec le vendeur.<\/p>\n<p><strong>6. Modes de paiement<\/strong><br \/>\n6.1. Le client peut choisir parmi les modes de paiement disponibles dans le cadre et avant de finaliser le processus de commande. Les clients sont inform\u00e9s des modes de paiement disponibles sur une page d&#039;information s\u00e9par\u00e9e.<\/p>\n<p style=\"font-weight: 400;\">6.2. Si le paiement sur facture est possible, le paiement doit \u00eatre effectu\u00e9 dans les 30 jours suivant la r\u00e9ception de la marchandise et de la facture. Pour tous les autres modes de paiement, le paiement doit \u00eatre effectu\u00e9 \u00e0 l\u2019avance sans d\u00e9duction.<\/p>\n<p style=\"font-weight: 400;\">6.3. Des prestataires tiers sont-ils charg\u00e9s du traitement des paiements, par exemple Paypal ? leurs conditions g\u00e9n\u00e9rales s&#039;appliquent.<\/p>\n<p style=\"font-weight: 400;\">6.4. Si la date d&#039;\u00e9ch\u00e9ance du paiement est d\u00e9termin\u00e9e selon le calendrier, le client est d\u00e9j\u00e0 en demeure en ne respectant pas le d\u00e9lai. Dans ce cas, le client doit payer les int\u00e9r\u00eats moratoires l\u00e9gaux.<\/p>\n<p style=\"font-weight: 400;\">6.5. L&#039;obligation du client de payer des int\u00e9r\u00eats moratoires n&#039;emp\u00eache pas le vendeur de r\u00e9clamer des dommages et int\u00e9r\u00eats suppl\u00e9mentaires en raison du retard.<\/p>\n<p style=\"font-weight: 400;\">6.6. Le client n&#039;a droit \u00e0 compensation que si ses contre-pr\u00e9tentions ont \u00e9t\u00e9 l\u00e9galement \u00e9tablies ou reconnues par le vendeur. Le client ne peut exercer un droit de r\u00e9tention que si les cr\u00e9ances r\u00e9sultent de la m\u00eame relation contractuelle.<\/p>\n<p><strong>7. R\u00e9serve de propri\u00e9t\u00e9<\/strong><br \/>\nLes marchandises livr\u00e9es restent la propri\u00e9t\u00e9 du vendeur jusqu&#039;au paiement int\u00e9gral du prix.<br \/>\nPour les clients entrepreneurs, ce qui suit s&#039;applique \u00e9galement : Le vendeur se r\u00e9serve la propri\u00e9t\u00e9 de la marchandise jusqu&#039;\u00e0 ce que toutes les cr\u00e9ances r\u00e9sultant d&#039;une relation commerciale en cours soient enti\u00e8rement r\u00e9gl\u00e9es. L&#039;acheteur est tenu de traiter l&#039;objet achet\u00e9 avec soin tant que la propri\u00e9t\u00e9 ne lui a pas encore \u00e9t\u00e9 transf\u00e9r\u00e9e. Il est notamment tenu de les assurer de mani\u00e8re ad\u00e9quate contre leur nouvelle valeur contre le vol, l&#039;incendie et les d\u00e9g\u00e2ts des eaux, \u00e0 ses frais, le cas \u00e9ch\u00e9ant ou comme il est d&#039;usage dans la branche. Si des travaux d&#039;entretien et d&#039;inspection doivent \u00eatre effectu\u00e9s, l&#039;acheteur doit les effectuer dans les d\u00e9lais et \u00e0 ses frais. La transformation ou la transformation de la marchandise r\u00e9serv\u00e9e par le client est toujours effectu\u00e9e pour le compte du vendeur. Si la marchandise r\u00e9serv\u00e9e est transform\u00e9e avec d&#039;autres objets n&#039;appartenant pas au vendeur, le vendeur acquiert la copropri\u00e9t\u00e9 du nouvel objet au prorata de la valeur de la marchandise r\u00e9serv\u00e9e par rapport aux autres objets transform\u00e9s au moment de la transformation. Il en va de m\u00eame pour l&#039;article r\u00e9sultant de la transformation que pour la marchandise r\u00e9serv\u00e9e. Le client c\u00e8de \u00e9galement la cr\u00e9ance pour garantir les cr\u00e9ances \u00e0 son encontre qui d\u00e9coulent du rattachement de la marchandise r\u00e9serv\u00e9e \u00e0 un bien immobilier contre un tiers. Le client doit signaler imm\u00e9diatement tout acc\u00e8s de tiers aux biens d\u00e9tenus ou copropri\u00e9t\u00e9s par le vendeur. Le client supportera tous les frais r\u00e9sultant de telles interventions en cas de recours en justice d&#039;un tiers ou les frais li\u00e9s \u00e0 une quittance extra-proc\u00e9durale. Le client a le droit de revendre la marchandise r\u00e9serv\u00e9e dans le cadre d&#039;une activit\u00e9 commerciale normale. Le client c\u00e8de toutes les cr\u00e9ances r\u00e9sultant de la revente ou d&#039;autres motifs juridiques concernant la marchandise r\u00e9serv\u00e9e (y compris toutes les cr\u00e9ances de solde des comptes courants) au vendeur \u00e0 titre de garantie. Le vendeur autorise de mani\u00e8re r\u00e9vocable le client \u00e0 recouvrer les cr\u00e9ances c\u00e9d\u00e9es au vendeur pour son compte et en son nom. Cette autorisation de pr\u00e9l\u00e8vement peut \u00eatre r\u00e9voqu\u00e9e si le client ne remplit pas correctement ses obligations de paiement. Le vendeur s&#039;engage \u00e0 lib\u00e9rer les garanties auxquelles il a droit \u00e0 la demande du client si leur valeur totale de vente d\u00e9passe la somme de toutes les cr\u00e9ances en suspens du vendeur r\u00e9sultant de la relation commerciale de plus de 10% (s&#039;il existe un risque de r\u00e9alisation de plus de 50%). Le choix des garanties \u00e0 lib\u00e9rer incombe au vendeur.<span style=\"text-decoration: line-through;\">.<\/span> Avec le r\u00e8glement de toutes les cr\u00e9ances du vendeur r\u00e9sultant des op\u00e9rations de livraison, la propri\u00e9t\u00e9 de la marchandise r\u00e9serv\u00e9e et des cr\u00e9ances c\u00e9d\u00e9es est transf\u00e9r\u00e9e \u00e0 l&#039;acheteur. Le choix des garanties \u00e0 lib\u00e9rer incombe au vendeur.<\/p>\n<p><strong>8. Garantie pour d\u00e9fauts mat\u00e9riels et garantie<\/strong><br \/>\n8.1. La garantie (responsabilit\u00e9 pour les d\u00e9fauts) est d\u00e9termin\u00e9e par les dispositions l\u00e9gales, sous r\u00e9serve des r\u00e9glementations suivantes.<\/p>\n<p style=\"font-weight: 400;\">8.2. Une garantie n&#039;existe pour les marchandises livr\u00e9es par le vendeur que si elle a \u00e9t\u00e9 express\u00e9ment pr\u00e9vue. Les clients seront inform\u00e9s des conditions de garantie avant de lancer le processus de commande.<\/p>\n<p style=\"font-weight: 400;\">8.3 Si le client est un entrepreneur, il doit inspecter imm\u00e9diatement la marchandise, sans pr\u00e9judice des obligations l\u00e9gales de r\u00e9clamation, et signaler imm\u00e9diatement par \u00e9crit au fournisseur tout d\u00e9faut mat\u00e9riel reconnaissable, au plus tard dans les deux semaines suivant la livraison, et signaler les d\u00e9fauts mat\u00e9riels non reconnaissables imm\u00e9diatement, au plus tard dans les deux semaines suivant leur d\u00e9couverte. Les \u00e9carts commercialement acceptables ou mineurs en mati\u00e8re de qualit\u00e9, de poids, de taille, d&#039;\u00e9paisseur, de largeur, de finition, de motif et de couleur qui sont autoris\u00e9s conform\u00e9ment aux normes de qualit\u00e9 ne constituent pas des d\u00e9fauts.<\/p>\n<p style=\"font-weight: 400;\">8.4 Si le client est un entrepreneur, le vendeur peut choisir entre la r\u00e9paration ou la livraison ult\u00e9rieure des marchandises d\u00e9fectueuses.<\/p>\n<p style=\"font-weight: 400;\">8.5 Sans pr\u00e9judice des dispositions de responsabilit\u00e9 des pr\u00e9sentes Conditions G\u00e9n\u00e9rales, pour les clients entrepreneurs, les d\u00e9fauts mat\u00e9riels expirent g\u00e9n\u00e9ralement un an apr\u00e8s le transfert des risques, sauf si des d\u00e9lais plus longs sont impos\u00e9s par la loi, notamment en cas de dispositions particuli\u00e8res de recours. par l&#039;entrepreneur. Pour les biens d&#039;occasion, la garantie pour les clients entrepreneurs est exclue.<\/p>\n<p style=\"font-weight: 400;\">8.6 Si le client, entrepreneur, a install\u00e9 l&#039;article d\u00e9fectueux au sens de l&#039;article 439, paragraphe 3 du Code civil allemand (BGB), dans un autre article ou l&#039;a fix\u00e9 sur un autre article conform\u00e9ment \u00e0 sa nature et \u00e0 son utilisation pr\u00e9vue, le le vendeur n&#039;est, sous r\u00e9serve d&#039;un accord expr\u00e8s et sans pr\u00e9judice des autres obligations de garantie, dans le cadre d&#039;une ex\u00e9cution ult\u00e9rieure, pas tenu de rembourser au client les frais n\u00e9cessaires \u00e0 l&#039;enl\u00e8vement de l&#039;article d\u00e9fectueux et \u00e0 l&#039;installation ou \u00e0 la fixation du d\u00e9faut r\u00e9par\u00e9 ou livr\u00e9- article gratuit. En cons\u00e9quence, le vendeur n&#039;est pas non plus tenu de rembourser les frais li\u00e9s \u00e0 l&#039;enl\u00e8vement de l&#039;article d\u00e9fectueux et \u00e0 l&#039;installation ou \u00e0 la fixation de l&#039;article r\u00e9par\u00e9 ou livr\u00e9 sans d\u00e9faut dans le cadre d&#039;un recours du client dans le cadre de la cha\u00eene d&#039;approvisionnement (c&#039;est-\u00e0-dire entre le client et ses clients).<\/p>\n<p><strong>9. Responsabilit\u00e9<\/strong><br \/>\n9.1. Les exclusions et limitations de responsabilit\u00e9 suivantes s&#039;appliquent \u00e0 la responsabilit\u00e9 du vendeur en cas de dommages, sans pr\u00e9judice des autres exigences l\u00e9gales en mati\u00e8re de r\u00e9clamation.<\/p>\n<p style=\"font-weight: 400;\">9.2. Le vendeur est responsable sans limitation si la cause du dommage est due \u00e0 une intention intentionnelle ou \u00e0 une n\u00e9gligence grave.<\/p>\n<p style=\"font-weight: 400;\">9.3. En outre, le vendeur est responsable de la violation par n\u00e9gligence l\u00e9g\u00e8re d&#039;obligations essentielles, dont la violation met en danger la r\u00e9alisation de l&#039;objet du contrat, ou de la violation d&#039;obligations dont l&#039;ex\u00e9cution permet en premier lieu et en premier lieu la bonne ex\u00e9cution du contrat. dont le client compte r\u00e9guli\u00e8rement sur la conformit\u00e9. Dans ce cas, le vendeur n&#039;est toutefois responsable que des dommages pr\u00e9visibles et typiques du contrat. Le vendeur n&#039;est pas responsable de la violation par n\u00e9gligence l\u00e9g\u00e8re d&#039;obligations autres que celles mentionn\u00e9es dans les phrases pr\u00e9c\u00e9dentes.<\/p>\n<p style=\"font-weight: 400;\">9.4. Les limitations de responsabilit\u00e9 ci-dessus ne s&#039;appliquent pas en cas d&#039;atteinte \u00e0 la vie, au corps ou \u00e0 la sant\u00e9, pour un d\u00e9faut apr\u00e8s qu&#039;une garantie a \u00e9t\u00e9 donn\u00e9e pour la qualit\u00e9 du produit et pour des d\u00e9fauts frauduleusement dissimul\u00e9s. La responsabilit\u00e9 en vertu de la loi sur la responsabilit\u00e9 du fait des produits n&#039;est pas affect\u00e9e.<\/p>\n<p style=\"font-weight: 400;\">9.5. Dans la mesure o\u00f9 la responsabilit\u00e9 du vendeur est exclue ou limit\u00e9e, cela s&#039;applique \u00e9galement \u00e0 la responsabilit\u00e9 personnelle des employ\u00e9s, repr\u00e9sentants et agents d&#039;ex\u00e9cution.<\/p>\n<p><strong>10. Conservation du texte du contrat<\/strong><br \/>\n10.1. Le client peut imprimer le texte du contrat avant de soumettre la commande au vendeur en utilisant la fonction d&#039;impression de son navigateur lors de la derni\u00e8re \u00e9tape de la commande.<\/p>\n<p style=\"font-weight: 400;\">10.2. Le vendeur envoie \u00e9galement au client une confirmation de commande avec tous les d\u00e9tails de la commande \u00e0 l&#039;adresse email qu&#039;il a fournie. Avec la confirmation de commande, mais au plus tard lors de la livraison des marchandises, le client recevra \u00e9galement une copie des conditions g\u00e9n\u00e9rales ainsi que des instructions d&#039;annulation et des informations sur les frais d&#039;exp\u00e9dition ainsi que les conditions de livraison et de paiement. Si vous \u00eates inscrit dans notre boutique, vous pouvez consulter les commandes que vous avez pass\u00e9es dans votre espace profil. De plus, nous stockons le texte du contrat, mais ne le rendons pas accessible sur Internet.<\/p>\n<p style=\"font-weight: 400;\">10.3 Les clients entrepreneurs peuvent recevoir les documents contractuels par e-mail, par \u00e9crit ou en se r\u00e9f\u00e9rant \u00e0 une source en ligne.<\/p>\n<p><strong>11. Dispositions finales<\/strong><br \/>\n11.1. Si l&#039;acheteur est un entrepreneur, le lieu d&#039;ex\u00e9cution est, sous r\u00e9serve d&#039;autres accords ou dispositions l\u00e9gales imp\u00e9ratives, le si\u00e8ge social du vendeur, tandis que le for juridique est au si\u00e8ge social du vendeur si le client est un commer\u00e7ant, une personne morale de droit public. droit ou un fonds sp\u00e9cial de droit public ou si l&#039;acheteur se trouve dans le pays de r\u00e9sidence du vendeur n&#039;a pas de for juridique g\u00e9n\u00e9ral. Le vendeur se r\u00e9serve le droit de choisir un autre for juridique autoris\u00e9.<\/p>\n<p style=\"font-weight: 400;\">11.2 Dans le cas des entrepreneurs, le droit de la [R\u00e9publique f\u00e9d\u00e9rale d&#039;Allemagne \/ R\u00e9publique d&#039;Autriche] s&#039;applique, \u00e0 l&#039;exclusion de la Convention des Nations Unies sur les contrats de vente internationale de marchandises, dans la mesure o\u00f9 il n&#039;existe pas de dispositions l\u00e9gales imp\u00e9ratives contraires.<\/p>\n<p style=\"font-weight: 400;\">11.3. La langue du contrat est l&#039;allemand.<br \/>\n<span style=\"text-decoration: line-through;\"><br \/>\n<\/span>11.4. Plateforme de la Commission europ\u00e9enne pour la r\u00e9solution des litiges en ligne (OS) pour les consommateurs\u00a0:&nbsp;<a href=\"http:\/\/ec.europa.eu\/consumers\/odr\/\" target=\"_blank\" rel=\"noopener\">http:\/\/ec.europa.eu\/consumers\/odr\/<\/a>. Nous ne sommes ni dispos\u00e9s ni oblig\u00e9s de participer \u00e0 une proc\u00e9dure de r\u00e8glement des litiges devant un conseil d&#039;arbitrage des consommateurs.<\/p>\n<p style=\"font-weight: 400;\">","protected":false},"excerpt":{"rendered":"<p>CONDITIONS G\u00c9N\u00c9RALES Conditions g\u00e9n\u00e9rales avec informations client 1. Champ d&#039;application 2. Offres et descriptions de services 3. Processus de commande et conclusion du contrat 4. Prix et frais d&#039;exp\u00e9dition 5. Livraison, disponibilit\u00e9 des marchandises 6. Modes de paiement 7. R\u00e9serve de propri\u00e9t\u00e9 8. Garantie pour d\u00e9fauts mat\u00e9riels et garantie 9. Responsabilit\u00e9 10. Conservation du texte du contrat 11. Dispositions finales 1. Champ d&#039;application 1.1. Pour la relation commerciale entre puroses gmbh (ci-apr\u00e8s \u00ab le vendeur \u00bb) et le client (ci-apr\u00e8s [\u2026]<\/p>","protected":false},"author":1,"featured_media":0,"parent":0,"menu_order":0,"comment_status":"closed","ping_status":"closed","template":"","meta":{"footnotes":""},"class_list":["post-94","page","type-page","status-publish","hentry"],"acf":[],"_links":{"self":[{"href":"https:\/\/attiel.com\/fr\/wp-json\/wp\/v2\/pages\/94","targetHints":{"allow":["GET"]}}],"collection":[{"href":"https:\/\/attiel.com\/fr\/wp-json\/wp\/v2\/pages"}],"about":[{"href":"https:\/\/attiel.com\/fr\/wp-json\/wp\/v2\/types\/page"}],"author":[{"embeddable":true,"href":"https:\/\/attiel.com\/fr\/wp-json\/wp\/v2\/users\/1"}],"replies":[{"embeddable":true,"href":"https:\/\/attiel.com\/fr\/wp-json\/wp\/v2\/comments?post=94"}],"version-history":[{"count":2,"href":"https:\/\/attiel.com\/fr\/wp-json\/wp\/v2\/pages\/94\/revisions"}],"predecessor-version":[{"id":571,"href":"https:\/\/attiel.com\/fr\/wp-json\/wp\/v2\/pages\/94\/revisions\/571"}],"wp:attachment":[{"href":"https:\/\/attiel.com\/fr\/wp-json\/wp\/v2\/media?parent=94"}],"curies":[{"name":"wp","href":"https:\/\/api.w.org\/{rel}","templated":true}]}}