{"id":92,"date":"2022-06-26T21:54:14","date_gmt":"2022-06-26T19:54:14","guid":{"rendered":"https:\/\/attiel.com\/zahlungsweisen\/"},"modified":"2023-02-15T18:14:05","modified_gmt":"2023-02-15T17:14:05","slug":"zahlungsweisen","status":"publish","type":"page","link":"https:\/\/attiel.com\/fr\/zahlungsweisen\/","title":{"rendered":"M\u00e9thodes de payement"},"content":{"rendered":"<p><strong>Avertissement\u00a0:\u00a0l&#039;\u00e9chantillon ci-dessous provient d&#039;un avocat (<a href=\"https:\/\/drschwenke.de\" rel=\"nofollow noopener\" target=\"_blank\">https:\/\/drschwenke.de<\/a>) a \u00e9t\u00e9 cr\u00e9\u00e9 selon les exigences typiques d&#039;une boutique en ligne. Cependant, vous ne devez utiliser le mod\u00e8le qu&#039;apr\u00e8s un examen minutieux et une adaptation \u00e0 votre mod\u00e8le commercial sp\u00e9cifique. Le mod\u00e8le suivant contient donc des informations suppl\u00e9mentaires auxquelles vous devez pr\u00eater attention et des passages rouges que vous devez particuli\u00e8rement v\u00e9rifier et, si n\u00e9cessaire, adapter. Veuillez supprimer les avis apr\u00e8s la modification. En cas de doute, demandez un avis juridique. Copyright\u00a0: vous pouvez utiliser le mod\u00e8le dans le domaine\/site Web tant que votre licence Marketpress s&#039;y applique \u00e9galement. La transmission \u00e0 des tiers, y compris \u00e0 des clients (par exemple en tant que d\u00e9veloppeur), n&#039;est pas autoris\u00e9e.<\/strong><\/p>\n<p><strong>m\u00e9thodes de payement<\/strong><\/p>\n<p>Nous proposons les m\u00e9thodes de paiement suivantes. Choisissez simplement le mode de paiement qui vous convient le mieux. Les frais de port d\u00e9pendent en partie du mode de paiement choisi. Les prix indiqu\u00e9s dans les offres respectives repr\u00e9sentent les prix finaux et incluent tous les \u00e9l\u00e9ments du prix, y compris les \u00e9ventuelles taxes applicables telles que la TVA. Ce n&#039;est qu&#039;en cas de livraison transfrontali\u00e8re que des taxes suppl\u00e9mentaires (par exemple en cas d&#039;achat intracommunautaire) et\/ou des droits (par exemple droits de douane) peuvent \u00eatre payables par vous dans des cas individuels, mais pas au vendeur, mais au autorit\u00e9s douani\u00e8res ou fiscales comp\u00e9tentes. Les frais de livraison et d&#039;exp\u00e9dition occasionn\u00e9s ne sont pas inclus dans le prix d&#039;achat ; ils sont accessibles via la page \u00ab Frais d&#039;exp\u00e9dition \u00bb, sont indiqu\u00e9s s\u00e9par\u00e9ment lors du processus de commande et sont \u00e0 votre charge en suppl\u00e9ment.<\/p>\n<p><em>Paiement \u00e0 la livraison<\/em><\/p>\n<p>Veuillez pr\u00e9parer le montant de la facture\u00a0; le livreur encaisse \u00e0 la livraison (pas de ch\u00e8que). Pour le contre-remboursement, un suppl\u00e9ment de [6,50 EUR de frais de contre-remboursement] sera factur\u00e9, qui doit \u00eatre pay\u00e9 directement au livreur du colis.<\/p>\n<p><em>Pr\u00e9l\u00e8vement automatique<\/em><\/p>\n<p>Nous collecterons le montant de la facture de votre commande sur votre compte bancaire enregistr\u00e9 une fois la commande pass\u00e9e. [Plus 2 euros de frais]<\/p>\n<p><em>Sur la facture<\/em><br \/>\nCommandez simplement et payez ensuite. [Plus 2 euros de frais]<\/p>\n<p><em>Carte de cr\u00e9dit<\/em><\/p>\n<p>Payez facilement par carte bancaire.<\/p>\n<p><em>Pay Pal<\/em><\/p>\n<p>Payez encore plus rapidement et en toute s\u00e9curit\u00e9 avec votre compte PayPal.<\/p>\n<p><em>Paiement \u00e0 l&#039;avance<\/em><\/p>\n<p>Livraison gratuite en Allemagne (sauf livraison express)<\/p>\n<p>Merci de virer le montant total de votre commande sur notre compte :<\/p>\n<p>Titulaire du compte : Demoshop GmbH &amp; Co.KG<br \/>\nNum\u00e9ro de compte\u00a0: 10000000<br \/>\nCode banque : 222 22 222<br \/>\n\u00c9tablissement de cr\u00e9dit : Banque Demostadt<br \/>\nSWIFT\u00a0:\u00a0DELE944834<br \/>\nIBAN : DE12345678910111213<\/p>\n<p><em>paiement en esp\u00e8ces<\/em><\/p>\n<p>Commandez en ligne et r\u00e9cup\u00e9rez simplement votre commande dans notre magasin :<\/p>\n<p>Boutique de d\u00e9monstration, Demostra\u00dfe 13<br \/>\n12345 M\u00fcsterstadt, Allemagne<br \/>\nDu lundi au vendredi de 8h30 \u00e0 13h00, de 14h30 \u00e0 18h00<br \/>\nSamedi de 9h00 \u00e0 13h00<\/p>","protected":false},"excerpt":{"rendered":"<p>Avertissement\u00a0: Le mod\u00e8le suivant a \u00e9t\u00e9 cr\u00e9\u00e9 par un avocat (https:\/\/drschwenke.de) conform\u00e9ment aux exigences standard d&#039;une boutique en ligne. Cependant, vous ne devez l&#039;utiliser qu&#039;apr\u00e8s l&#039;avoir soigneusement examin\u00e9 et adapt\u00e9 \u00e0 votre mod\u00e8le commercial. Il contient donc des informations suppl\u00e9mentaires \u00e0 respecter et des passages marqu\u00e9s en rouge \u00e0 examiner attentivement et \u00e0 adapter si n\u00e9cessaire. Veuillez supprimer [...]<\/p>","protected":false},"author":1,"featured_media":0,"parent":0,"menu_order":0,"comment_status":"closed","ping_status":"closed","template":"","meta":{"footnotes":""},"class_list":["post-92","page","type-page","status-publish","hentry"],"acf":[],"_links":{"self":[{"href":"https:\/\/attiel.com\/fr\/wp-json\/wp\/v2\/pages\/92","targetHints":{"allow":["GET"]}}],"collection":[{"href":"https:\/\/attiel.com\/fr\/wp-json\/wp\/v2\/pages"}],"about":[{"href":"https:\/\/attiel.com\/fr\/wp-json\/wp\/v2\/types\/page"}],"author":[{"embeddable":true,"href":"https:\/\/attiel.com\/fr\/wp-json\/wp\/v2\/users\/1"}],"replies":[{"embeddable":true,"href":"https:\/\/attiel.com\/fr\/wp-json\/wp\/v2\/comments?post=92"}],"version-history":[{"count":1,"href":"https:\/\/attiel.com\/fr\/wp-json\/wp\/v2\/pages\/92\/revisions"}],"predecessor-version":[{"id":573,"href":"https:\/\/attiel.com\/fr\/wp-json\/wp\/v2\/pages\/92\/revisions\/573"}],"wp:attachment":[{"href":"https:\/\/attiel.com\/fr\/wp-json\/wp\/v2\/media?parent=92"}],"curies":[{"name":"wp","href":"https:\/\/api.w.org\/{rel}","templated":true}]}}