{"id":89,"date":"2022-06-26T21:54:12","date_gmt":"2022-06-26T19:54:12","guid":{"rendered":"https:\/\/attiel.com\/versand__lieferung\/"},"modified":"2023-09-20T00:39:13","modified_gmt":"2023-09-19T22:39:13","slug":"expedition__livraison","status":"publish","type":"page","link":"https:\/\/attiel.com\/fr\/expedition__livraison\/","title":{"rendered":"exp\u00e9dition"},"content":{"rendered":"<p style=\"font-weight: 400;\">D\u00e9lais et frais de livraison<\/p>\n<p style=\"font-weight: 400;\"><strong>L&#039;Autriche:<br \/>\n<\/strong>Gratuit pour toute commande sup\u00e9rieure \u00e0 50\u20ac, sinon 5\u20ac<br \/>\n2-3 jours ouvrables<\/p>\n<p style=\"font-weight: 400;\"><strong>Pays de l&#039;UE\u00a0:<br \/>\n<\/strong>Gratuit pour toute commande sup\u00e9rieure \u00e0 50\u20ac, sinon 10\u20ac<br \/>\n3-4 jours ouvrables<\/p>\n<p style=\"font-weight: 400;\"><strong>Royaume-Uni:<br \/>\n<\/strong>Gratuit pour toute commande sup\u00e9rieure \u00e0 75\u20ac, sinon 15\u20ac<br \/>\n3-4 jours ouvrables<\/p>\n<p style=\"font-weight: 400;\"><strong>Suisse \/ Liechtenstein :<br \/>\n<\/strong>Gratuit pour toute commande sup\u00e9rieure \u00e0 75\u20ac, sinon 15\u20ac<br \/>\n3-4 jours ouvrables<\/p>\n<p style=\"font-weight: 400;\"><strong>IMP\u00d4TS ET DROITS<\/strong><\/p>\n<p style=\"font-weight: 400;\">Toutes les commandes du <strong>UE<\/strong> sont envoy\u00e9s sur une base DDP (Delivered Duty Paid). Cela signifie que nos prix incluent toutes les taxes et droits et que vous n&#039;avez rien \u00e0 payer \u00e0 votre arriv\u00e9e.<\/p>\n<p>Lors de l&#039;exp\u00e9dition vers le <strong>Pays hors UE<\/strong> Des taxes ou frais suppl\u00e9mentaires (par exemple des droits de douane) peuvent s&#039;appliquer, qui ne sont ni pay\u00e9s ni factur\u00e9s par nous, mais sont payables par vous directement aux autorit\u00e9s douani\u00e8res ou fiscales comp\u00e9tentes. Veuillez contacter les autorit\u00e9s comp\u00e9tentes pour plus de d\u00e9tails.<\/p>","protected":false},"excerpt":{"rendered":"<p>D\u00e9lais et frais de livraison Autriche : gratuit pour les commandes sup\u00e9rieures \u00e0 50 \u20ac, sinon 5 \u20ac 2-3 jours ouvrables Pays de l&#039;UE : gratuit pour les commandes sup\u00e9rieures \u00e0 50 \u20ac, sinon 10 \u20ac 3-4 jours ouvrables Royaume-Uni : gratuit pour les commandes sup\u00e9rieures \u00e0 75 \u20ac, sinon 15 \u20ac 3-4 jours ouvr\u00e9s Suisse \/ Liechtenstein : Gratuit pour les commandes sup\u00e9rieures \u00e0 75\u20ac, sinon 15\u20ac 3-4 jours ouvr\u00e9s TAXES ET DOUANES Toutes les commandes en provenance de l&#039;UE sont [\u2026]<\/p>","protected":false},"author":1,"featured_media":0,"parent":0,"menu_order":0,"comment_status":"closed","ping_status":"closed","template":"","meta":{"footnotes":""},"class_list":["post-89","page","type-page","status-publish","hentry"],"acf":[],"_links":{"self":[{"href":"https:\/\/attiel.com\/fr\/wp-json\/wp\/v2\/pages\/89","targetHints":{"allow":["GET"]}}],"collection":[{"href":"https:\/\/attiel.com\/fr\/wp-json\/wp\/v2\/pages"}],"about":[{"href":"https:\/\/attiel.com\/fr\/wp-json\/wp\/v2\/types\/page"}],"author":[{"embeddable":true,"href":"https:\/\/attiel.com\/fr\/wp-json\/wp\/v2\/users\/1"}],"replies":[{"embeddable":true,"href":"https:\/\/attiel.com\/fr\/wp-json\/wp\/v2\/comments?post=89"}],"version-history":[{"count":4,"href":"https:\/\/attiel.com\/fr\/wp-json\/wp\/v2\/pages\/89\/revisions"}],"predecessor-version":[{"id":1139,"href":"https:\/\/attiel.com\/fr\/wp-json\/wp\/v2\/pages\/89\/revisions\/1139"}],"wp:attachment":[{"href":"https:\/\/attiel.com\/fr\/wp-json\/wp\/v2\/media?parent=89"}],"curies":[{"name":"wp","href":"https:\/\/api.w.org\/{rel}","templated":true}]}}