{"id":707,"date":"2023-03-13T15:31:08","date_gmt":"2023-03-13T14:31:08","guid":{"rendered":"https:\/\/attiel.com\/?page_id=707"},"modified":"2025-02-20T19:41:18","modified_gmt":"2025-02-20T18:41:18","slug":"confirmation-de-la-newsletter","status":"publish","type":"page","link":"https:\/\/attiel.com\/fr\/confirmation-de-la-newsletter\/","title":{"rendered":"Finalisation de l&#039;inscription"},"content":{"rendered":"<p class=\"has-text-align-center\">Veuillez cliquer sur le lien dans l&#039;e-mail que nous venons de vous envoyer.<\/p>\n\n\n\n<p class=\"has-text-align-center\">Si vous ne trouvez pas d&#039;e-mail dans votre bo\u00eete de r\u00e9ception, veuillez v\u00e9rifier votre dossier spam.<\/p>\n\n\n\n<div class=\"wp-block-buttons attiel_cta is-content-justification-center is-layout-flex wp-container-core-buttons-is-layout-16018d1d wp-block-buttons-is-layout-flex\">\n<div class=\"wp-block-button is-style-fill\"><a class=\"wp-block-button__link has-white-color has-black-background-color has-text-color has-background has-link-color wp-element-button\" href=\"https:\/\/attiel.com\/fr\/\" style=\"border-radius:0px\">\u00c0 LA PAGE D&#039;ACCUEIL<\/a><\/div>\n<\/div>","protected":false},"excerpt":{"rendered":"<p>Veuillez cliquer sur le lien dans l&#039;e-mail que nous venons de vous envoyer. Si vous ne trouvez pas d&#039;e-mail dans votre bo\u00eete de r\u00e9ception, veuillez v\u00e9rifier votre dossier spam.<\/p>","protected":false},"author":3,"featured_media":0,"parent":0,"menu_order":0,"comment_status":"closed","ping_status":"closed","template":"","meta":{"footnotes":""},"class_list":["post-707","page","type-page","status-publish","hentry"],"acf":[],"_links":{"self":[{"href":"https:\/\/attiel.com\/fr\/wp-json\/wp\/v2\/pages\/707","targetHints":{"allow":["GET"]}}],"collection":[{"href":"https:\/\/attiel.com\/fr\/wp-json\/wp\/v2\/pages"}],"about":[{"href":"https:\/\/attiel.com\/fr\/wp-json\/wp\/v2\/types\/page"}],"author":[{"embeddable":true,"href":"https:\/\/attiel.com\/fr\/wp-json\/wp\/v2\/users\/3"}],"replies":[{"embeddable":true,"href":"https:\/\/attiel.com\/fr\/wp-json\/wp\/v2\/comments?post=707"}],"version-history":[{"count":10,"href":"https:\/\/attiel.com\/fr\/wp-json\/wp\/v2\/pages\/707\/revisions"}],"predecessor-version":[{"id":2037,"href":"https:\/\/attiel.com\/fr\/wp-json\/wp\/v2\/pages\/707\/revisions\/2037"}],"wp:attachment":[{"href":"https:\/\/attiel.com\/fr\/wp-json\/wp\/v2\/media?parent=707"}],"curies":[{"name":"wp","href":"https:\/\/api.w.org\/{rel}","templated":true}]}}