{"id":21,"date":"2022-06-12T23:47:46","date_gmt":"2022-06-12T21:47:46","guid":{"rendered":"https:\/\/attiel.com\/?page_id=21"},"modified":"2023-03-17T14:25:45","modified_gmt":"2023-03-17T13:25:45","slug":"imprimer","status":"publish","type":"page","link":"https:\/\/attiel.com\/fr\/imprimer\/","title":{"rendered":"imprimer"},"content":{"rendered":"<p>Libell\u00e9 de l&#039;entreprise\u00a0:<br \/>\npuroses gmbh<\/p>\n<p>Objet de la soci\u00e9t\u00e9 :<br \/>\nProduction et distribution de produits cosm\u00e9tiques<\/p>\n<p>Num\u00e9ro UID\u00a0:<br \/>\nATU76361429<\/p>\n<p>Num\u00e9ro de registre du commerce :<br \/>\n545008 heures<\/p>\n<p>Si\u00e8ge social de l&#039;entreprise:<br \/>\n1040 Vienne, PO Box 0045, Autriche<\/p>\n<p>E-mail:<br \/>\n<a class=\"\" href=\"mailto:contact@attiel.com\">contact@attiel.com<\/a><\/p>","protected":false},"excerpt":{"rendered":"<p>Raison sociale : puroses gmbh Objet de la soci\u00e9t\u00e9 : Production et distribution de produits cosm\u00e9tiques Num\u00e9ro de TVA : ATU76361429 Num\u00e9ro de registre du commerce : 545008 h Si\u00e8ge social : 1040 Vienne, PO Box 0045, Autriche Email : contact@attiel.com<\/p>","protected":false},"author":1,"featured_media":0,"parent":0,"menu_order":0,"comment_status":"closed","ping_status":"closed","template":"","meta":{"footnotes":""},"class_list":["post-21","page","type-page","status-publish","hentry"],"acf":[],"_links":{"self":[{"href":"https:\/\/attiel.com\/fr\/wp-json\/wp\/v2\/pages\/21","targetHints":{"allow":["GET"]}}],"collection":[{"href":"https:\/\/attiel.com\/fr\/wp-json\/wp\/v2\/pages"}],"about":[{"href":"https:\/\/attiel.com\/fr\/wp-json\/wp\/v2\/types\/page"}],"author":[{"embeddable":true,"href":"https:\/\/attiel.com\/fr\/wp-json\/wp\/v2\/users\/1"}],"replies":[{"embeddable":true,"href":"https:\/\/attiel.com\/fr\/wp-json\/wp\/v2\/comments?post=21"}],"version-history":[{"count":5,"href":"https:\/\/attiel.com\/fr\/wp-json\/wp\/v2\/pages\/21\/revisions"}],"predecessor-version":[{"id":569,"href":"https:\/\/attiel.com\/fr\/wp-json\/wp\/v2\/pages\/21\/revisions\/569"}],"wp:attachment":[{"href":"https:\/\/attiel.com\/fr\/wp-json\/wp\/v2\/media?parent=21"}],"curies":[{"name":"wp","href":"https:\/\/api.w.org\/{rel}","templated":true}]}}