{"id":1894,"date":"2025-01-27T14:03:01","date_gmt":"2025-01-27T13:03:01","guid":{"rendered":"https:\/\/attiel.com\/?page_id=1894"},"modified":"2025-02-01T22:49:55","modified_gmt":"2025-02-01T21:49:55","slug":"partager-lamour","status":"publish","type":"page","link":"https:\/\/attiel.com\/fr\/partager-lamour\/","title":{"rendered":"Partagez l&#039;amour."},"content":{"rendered":"<p>Lors de votre prochaine commande, inscrivez le nom d&#039;un ami qui a command\u00e9 ATTI\u00c8L pour la premi\u00e8re fois gr\u00e2ce \u00e0 vous dans le champ commentaires.<\/p>\n\n\n\n<p>Nous v\u00e9rifierons la premi\u00e8re commande de votre ami et l&#039;ajouterons \u00e0 votre prochaine commande <strong>un goodie exclusif en guise de remerciement<\/strong> en outre!<\/p>\n\n\n\n<p>Ces exclusivit\u00e9s <strong>Les goodies changent tout au long de l&#039;ann\u00e9e<\/strong>. <strong>\u00c0 partir de janvier 2025<\/strong> vous obtenez, <strong>jusqu&#039;\u00e0 \u00e9puisement des stocks<\/strong>, un <strong>30 ml <a href=\"https:\/\/attiel.com\/fr\/produit\/toner-equilibrant\/\">TONIQUE \u00c9QUILIBRANT<\/a><\/strong> dans un verre violet fonc\u00e9 pratique, adapt\u00e9 au sac \u00e0 main et rechargeable.<\/p>\n\n\n\n<p><strong>HELLO SETS sont exclus de ces commandes.<\/strong><\/p>","protected":false},"excerpt":{"rendered":"<p>Lors de votre prochaine commande, veuillez inclure le nom d&#039;un ami qui a command\u00e9 ATTI\u00c8L pour la premi\u00e8re fois gr\u00e2ce \u00e0 vous dans le champ commentaires. Nous examinerons la premi\u00e8re commande de votre ami et inclurons un cadeau exclusif avec votre prochaine commande en guise de remerciement\u00a0! Ces goodies exclusifs changent tout au long de l\u2019ann\u00e9e. \u00c0 partir de janvier 2025, tant que le [\u2026]<\/p>","protected":false},"author":1,"featured_media":0,"parent":0,"menu_order":0,"comment_status":"closed","ping_status":"closed","template":"","meta":{"footnotes":""},"class_list":["post-1894","page","type-page","status-publish","hentry"],"acf":[],"_links":{"self":[{"href":"https:\/\/attiel.com\/fr\/wp-json\/wp\/v2\/pages\/1894","targetHints":{"allow":["GET"]}}],"collection":[{"href":"https:\/\/attiel.com\/fr\/wp-json\/wp\/v2\/pages"}],"about":[{"href":"https:\/\/attiel.com\/fr\/wp-json\/wp\/v2\/types\/page"}],"author":[{"embeddable":true,"href":"https:\/\/attiel.com\/fr\/wp-json\/wp\/v2\/users\/1"}],"replies":[{"embeddable":true,"href":"https:\/\/attiel.com\/fr\/wp-json\/wp\/v2\/comments?post=1894"}],"version-history":[{"count":10,"href":"https:\/\/attiel.com\/fr\/wp-json\/wp\/v2\/pages\/1894\/revisions"}],"predecessor-version":[{"id":1932,"href":"https:\/\/attiel.com\/fr\/wp-json\/wp\/v2\/pages\/1894\/revisions\/1932"}],"wp:attachment":[{"href":"https:\/\/attiel.com\/fr\/wp-json\/wp\/v2\/media?parent=1894"}],"curies":[{"name":"wp","href":"https:\/\/api.w.org\/{rel}","templated":true}]}}