{"id":92,"date":"2022-06-26T21:54:14","date_gmt":"2022-06-26T19:54:14","guid":{"rendered":"https:\/\/attiel.com\/zahlungsweisen\/"},"modified":"2023-02-15T18:14:05","modified_gmt":"2023-02-15T17:14:05","slug":"zahlungsweisen","status":"publish","type":"page","link":"https:\/\/attiel.com\/en\/zahlungsweisen\/","title":{"rendered":"payment methods"},"content":{"rendered":"<p><strong>Disclaimer: The sample below is from a lawyer (<a href=\"https:\/\/drschwenke.de\" rel=\"nofollow noopener\" target=\"_blank\">https:\/\/drschwenke.de<\/a>) was created according to the typical requirements of an online shop. However, you should only use the template after careful examination and adaptation to your specific business model. The following template therefore contains additional information that you must pay attention to and red passages that you must particularly check and, if necessary, adapt. Please remove the notices after editing. If in doubt, seek legal advice. Copyright: You may use the pattern within the domain\/website as long as your Marketpress license also applies to it. Passing it on to third parties, including customers (e.g. as a developer), is not permitted.<\/strong><\/p>\n<p><strong>Payment Methods<\/strong><\/p>\n<p>We offer the following payment methods. Simply choose the payment method that is best for you. The shipping costs partly depend on the payment method chosen. The prices listed in the respective offers represent final prices. They include all price components including any applicable taxes such as VAT. Only in the case of cross-border delivery may additional taxes (e.g. in the case of an intra-community purchase) and\/or duties (e.g. customs duties) be payable by you in individual cases, but not to the seller, but to the responsible customs or tax authorities there. The delivery and shipping costs incurred are not included in the purchase price; they can be accessed via the \u201cShipping costs\u201d page, are shown separately during the ordering process and are to be borne by you additionally.<\/p>\n<p><em>cash on delivery<\/em><\/p>\n<p>Please have the invoice amount ready; the delivery person collects cash upon delivery (no checks). For cash on delivery, an additional [6.50 EUR cash on delivery fee] will be charged, which must be paid directly to the parcel deliverer.<\/p>\n<p><em>Debit charge<\/em><\/p>\n<p>We will collect the invoice amount for your order from your bank account on file after the order has been placed. [Plus 2 euro fee]<\/p>\n<p><em>On Bill<\/em><br \/>\nSimply order and then pay. [Plus 2 euro fee]<\/p>\n<p><em>Credit card<\/em><\/p>\n<p>Pay easily by credit card.<\/p>\n<p><em>PayPal<\/em><\/p>\n<p>Pay even faster and more securely with your PayPal account.<\/p>\n<p><em>Payment in advance<\/em><\/p>\n<p>Free shipping within Germany (except express shipping)<\/p>\n<p>Please transfer the total amount of your order to our account:<\/p>\n<p>Account holder: Demoshop GmbH &amp; Co.KG<br \/>\nAccount number: 10000000<br \/>\nBLZ: 222 22 222<br \/>\nCredit institution: Bank Demostadt<br \/>\nSWIFT: DELE944834<br \/>\nIBAN: DE12345678910111213<\/p>\n<p><em>cash payment<\/em><\/p>\n<p>Order online and simply pick up your order from our store:<\/p>\n<p>Demo shop, Demostra\u00dfe 13<br \/>\n12345 Musterstadt, Germany<br \/>\nMon \u2013 Fri 8:30 a.m. \u2013 1:00 p.m., 2:30 p.m. \u2013 6:00 p.m<br \/>\nSat 9:00 a.m. \u2013 1:00 p.m<\/p>","protected":false},"excerpt":{"rendered":"<p>Haftungshinweis: Das nachstehende Muster ist von einem Rechtsanwalt (https:\/\/drschwenke.de) entsprechend den typischen Anforderungen eines Onlineshops erstellt worden.&nbsp;Jedoch sollten Sie das Muster nur&nbsp;nach sorgf\u00e4ltiger Pr\u00fcfung und Anpassung auf Ihr konkretes Gesch\u00e4ftsmodell verwenden. Das nachfolgende Muster enth\u00e4lt daher zus\u00e4tzliche Hinweise, die Sie beachten m\u00fcssen und rote Passagen, die Sie besonders pr\u00fcfen und ggf. anpassen m\u00fcssen. Bitte entfernen [&hellip;]<\/p>","protected":false},"author":1,"featured_media":0,"parent":0,"menu_order":0,"comment_status":"closed","ping_status":"closed","template":"","meta":{"footnotes":""},"class_list":["post-92","page","type-page","status-publish","hentry"],"acf":[],"_links":{"self":[{"href":"https:\/\/attiel.com\/en\/wp-json\/wp\/v2\/pages\/92","targetHints":{"allow":["GET"]}}],"collection":[{"href":"https:\/\/attiel.com\/en\/wp-json\/wp\/v2\/pages"}],"about":[{"href":"https:\/\/attiel.com\/en\/wp-json\/wp\/v2\/types\/page"}],"author":[{"embeddable":true,"href":"https:\/\/attiel.com\/en\/wp-json\/wp\/v2\/users\/1"}],"replies":[{"embeddable":true,"href":"https:\/\/attiel.com\/en\/wp-json\/wp\/v2\/comments?post=92"}],"version-history":[{"count":1,"href":"https:\/\/attiel.com\/en\/wp-json\/wp\/v2\/pages\/92\/revisions"}],"predecessor-version":[{"id":573,"href":"https:\/\/attiel.com\/en\/wp-json\/wp\/v2\/pages\/92\/revisions\/573"}],"wp:attachment":[{"href":"https:\/\/attiel.com\/en\/wp-json\/wp\/v2\/media?parent=92"}],"curies":[{"name":"wp","href":"https:\/\/api.w.org\/{rel}","templated":true}]}}